{"id":1214,"date":"2025-12-04T18:17:47","date_gmt":"2025-12-04T18:17:47","guid":{"rendered":"https:\/\/missionlja.org\/?page_id=1214"},"modified":"2025-12-05T17:45:43","modified_gmt":"2025-12-05T17:45:43","slug":"histoire","status":"publish","type":"page","link":"https:\/\/missionlja.org\/index.php\/histoire\/","title":{"rendered":"Histoire"},"content":{"rendered":"\t\t<div data-elementor-type=\"wp-page\" data-elementor-id=\"1214\" class=\"elementor elementor-1214\">\n\t\t\t\t<div class=\"elementor-element elementor-element-vunrvkn e-flex e-con-boxed e-con e-parent\" data-id=\"vunrvkn\" data-element_type=\"container\">\n\t\t\t\t\t<div class=\"e-con-inner\">\n\t\t<div class=\"elementor-element elementor-element-21ef9a9 e-con-full e-flex e-con e-child\" data-id=\"21ef9a9\" data-element_type=\"container\">\n\t\t\t\t<div class=\"elementor-element elementor-element-47db610 elementor-widget elementor-widget-image\" data-id=\"47db610\" data-element_type=\"widget\" data-widget_type=\"image.default\">\n\t\t\t\t\t\t\t\t\t\t\t\t\t\t\t<img fetchpriority=\"high\" decoding=\"async\" width=\"1024\" height=\"1024\" src=\"https:\/\/missionlja.org\/wp-content\/uploads\/2025\/12\/5.jpg\" class=\"attachment-full size-full wp-image-1544\" alt=\"\" srcset=\"https:\/\/missionlja.org\/wp-content\/uploads\/2025\/12\/5.jpg 1024w, https:\/\/missionlja.org\/wp-content\/uploads\/2025\/12\/5-300x300.jpg 300w, https:\/\/missionlja.org\/wp-content\/uploads\/2025\/12\/5-150x150.jpg 150w, https:\/\/missionlja.org\/wp-content\/uploads\/2025\/12\/5-768x768.jpg 768w, https:\/\/missionlja.org\/wp-content\/uploads\/2025\/12\/5-600x600.jpg 600w, https:\/\/missionlja.org\/wp-content\/uploads\/2025\/12\/5-100x100.jpg 100w\" sizes=\"(max-width: 1024px) 100vw, 1024px\" \/>\t\t\t\t\t\t\t\t\t\t\t\t\t\t\t<\/div>\n\t\t\t\t<\/div>\n\t\t<div class=\"elementor-element elementor-element-ddfd748 e-con-full e-flex e-con e-child\" data-id=\"ddfd748\" data-element_type=\"container\">\n\t\t\t\t<div class=\"elementor-element elementor-element-274258c elementor-widget elementor-widget-heading\" data-id=\"274258c\" data-element_type=\"widget\" data-widget_type=\"heading.default\">\n\t\t\t\t\t<h2 class=\"elementor-heading-title elementor-size-default\">MISSION CATHOLIQUE : LAISSE J\u00c9SUS AGIR<\/h2>\t\t\t\t<\/div>\n\t\t\t\t<div class=\"elementor-element elementor-element-6c0473a elementor-widget elementor-widget-text-editor\" data-id=\"6c0473a\" data-element_type=\"widget\" data-widget_type=\"text-editor.default\">\n\t\t\t\t\t\t\t\t\t<p class=\"first-token\" data-path-to-node=\"0\"><span class=\"\">Dans un petit village nich\u00e9 au c\u0153ur d&rsquo;une vall\u00e9e luxuriante,<\/span><span class=\"\"> l&rsquo;abb\u00e9 Fran\u00e7ois,<\/span><span class=\"\"> un homme de foi humble et d\u00e9vou\u00e9,<\/span><span class=\"\"> \u00e9tait troubl\u00e9.<\/span><span class=\"\"> Son \u00e9glise \u00e9tait presque vide,<\/span><span class=\"\"> et l&rsquo;esprit de la communaut\u00e9 semblait s&rsquo;\u00eatre \u00e9teint.<\/span><span class=\"\"> Il priait sans cesse,<\/span><span class=\"\"> cherchant un signe,<\/span><span class=\"\"> une direction.<\/span><\/p><p data-path-to-node=\"1\"><span class=\"\">Un matin,<\/span><span class=\"\"> alors qu&rsquo;il m\u00e9ditait devant l&rsquo;autel,<\/span><span class=\"\"> une douce voix int\u00e9rieure lui murmura :<\/span><span class=\"\"> \u00ab\u00a0Laisse J\u00e9sus agir.<\/span><span class=\"\">\u00a0\u00bb L&rsquo;abb\u00e9 Fran\u00e7ois comprit alors qu&rsquo;il devait changer d&rsquo;approche.<\/span><span class=\"\"> Au lieu de s&rsquo;inqui\u00e9ter et d&rsquo;essayer de tout contr\u00f4ler,<\/span><span class=\"\"> il devait faire confiance \u00e0 la Providence divine.<\/span><\/p><p data-path-to-node=\"2\">\u00a0<\/p>\t\t\t\t\t\t\t\t<\/div>\n\t\t\t\t<\/div>\n\t\t\t\t\t<\/div>\n\t\t\t\t<\/div>\n\t\t\t\t<\/div>\n\t\t","protected":false},"excerpt":{"rendered":"<p>MISSION CATHOLIQUE : LAISSE J\u00c9SUS AGIR Dans un petit village nich\u00e9 au c\u0153ur d&rsquo;une vall\u00e9e luxuriante, l&rsquo;abb\u00e9 Fran\u00e7ois, un homme de foi humble et d\u00e9vou\u00e9, \u00e9tait troubl\u00e9. Son \u00e9glise \u00e9tait presque vide, et l&rsquo;esprit de la communaut\u00e9 semblait s&rsquo;\u00eatre \u00e9teint. Il priait sans cesse, cherchant un signe, une direction. Un matin, alors qu&rsquo;il m\u00e9ditait devant l&rsquo;autel, une douce voix int\u00e9rieure&#8230;<\/p>\n","protected":false},"author":1,"featured_media":0,"parent":0,"menu_order":0,"comment_status":"closed","ping_status":"closed","template":"elementor_header_footer","meta":{"footnotes":""},"class_list":["post-1214","page","type-page","status-publish","hentry"],"_links":{"self":[{"href":"https:\/\/missionlja.org\/index.php\/wp-json\/wp\/v2\/pages\/1214","targetHints":{"allow":["GET"]}}],"collection":[{"href":"https:\/\/missionlja.org\/index.php\/wp-json\/wp\/v2\/pages"}],"about":[{"href":"https:\/\/missionlja.org\/index.php\/wp-json\/wp\/v2\/types\/page"}],"author":[{"embeddable":true,"href":"https:\/\/missionlja.org\/index.php\/wp-json\/wp\/v2\/users\/1"}],"replies":[{"embeddable":true,"href":"https:\/\/missionlja.org\/index.php\/wp-json\/wp\/v2\/comments?post=1214"}],"version-history":[{"count":58,"href":"https:\/\/missionlja.org\/index.php\/wp-json\/wp\/v2\/pages\/1214\/revisions"}],"predecessor-version":[{"id":1550,"href":"https:\/\/missionlja.org\/index.php\/wp-json\/wp\/v2\/pages\/1214\/revisions\/1550"}],"wp:attachment":[{"href":"https:\/\/missionlja.org\/index.php\/wp-json\/wp\/v2\/media?parent=1214"}],"curies":[{"name":"wp","href":"https:\/\/api.w.org\/{rel}","templated":true}]}}