{"id":1226,"date":"2025-12-04T18:35:18","date_gmt":"2025-12-04T18:35:18","guid":{"rendered":"https:\/\/missionlja.org\/?page_id=1226"},"modified":"2025-12-05T18:26:08","modified_gmt":"2025-12-05T18:26:08","slug":"spiritualite","status":"publish","type":"page","link":"https:\/\/missionlja.org\/index.php\/spiritualite\/","title":{"rendered":"Spiritualit\u00e9"},"content":{"rendered":"\t\t<div data-elementor-type=\"wp-page\" data-elementor-id=\"1226\" class=\"elementor elementor-1226\">\n\t\t\t\t<div class=\"elementor-element elementor-element-9c5b8d2 e-flex e-con-boxed e-con e-parent\" data-id=\"9c5b8d2\" data-element_type=\"container\">\n\t\t\t\t\t<div class=\"e-con-inner\">\n\t\t\t\t<div class=\"elementor-element elementor-element-6d169ff elementor-widget elementor-widget-heading\" data-id=\"6d169ff\" data-element_type=\"widget\" data-widget_type=\"heading.default\">\n\t\t\t\t\t<h2 class=\"elementor-heading-title elementor-size-default\">La spiritualit\u00e9<\/h2>\t\t\t\t<\/div>\n\t\t\t\t\t<\/div>\n\t\t\t\t<\/div>\n\t\t<div class=\"elementor-element elementor-element-f1d74c3 e-flex e-con-boxed e-con e-parent\" data-id=\"f1d74c3\" data-element_type=\"container\">\n\t\t\t\t\t<div class=\"e-con-inner\">\n\t\t\t\t<div class=\"elementor-element elementor-element-397b835 elementor-widget elementor-widget-text-editor\" data-id=\"397b835\" data-element_type=\"widget\" data-widget_type=\"text-editor.default\">\n\t\t\t\t\t\t\t\t\t<p>La spiritualit\u00e9 catholique est la <b>vie de foi centr\u00e9e sur le Christ et les Sacrements<\/b>, o\u00f9 l&rsquo;on cherche la saintet\u00e9 par la <b>pri\u00e8re, la charit\u00e9 et l&rsquo;ob\u00e9issance<\/b> \u00e0 l&rsquo;\u00c9glise.<\/p>\t\t\t\t\t\t\t\t<\/div>\n\t\t\t\t\t<\/div>\n\t\t\t\t<\/div>\n\t\t<div class=\"elementor-element elementor-element-r25p4q6 e-flex e-con-boxed e-con e-parent\" data-id=\"r25p4q6\" data-element_type=\"container\">\n\t\t\t\t\t<div class=\"e-con-inner\">\n\t\t<div class=\"elementor-element elementor-element-d901e05 e-con-full e-flex e-con e-child\" data-id=\"d901e05\" data-element_type=\"container\">\n\t\t<div class=\"elementor-element elementor-element-26e6360 e-con-full e-flex e-con e-child\" data-id=\"26e6360\" data-element_type=\"container\">\n\t\t\t\t<div class=\"elementor-element elementor-element-56b9fce elementor-widget elementor-widget-icon-box\" data-id=\"56b9fce\" data-element_type=\"widget\" data-widget_type=\"icon-box.default\">\n\t\t\t\t\t\t\t<div class=\"elementor-icon-box-wrapper\">\n\n\t\t\t\n\t\t\t\t\t\t<div class=\"elementor-icon-box-content\">\n\n\t\t\t\t\t\t\t\t\t<h3 class=\"elementor-icon-box-title\">\n\t\t\t\t\t\t<span  >\n\t\t\t\t\t\t\tLa Pri\u00e8re : Le C\u0153ur de la Spiritualit\u00e9\t\t\t\t\t\t<\/span>\n\t\t\t\t\t<\/h3>\n\t\t\t\t\n\t\t\t\t\t\t\t\t\t<p class=\"elementor-icon-box-description\">\n\t\t\t\t\t\tLa pri\u00e8re est essentielle. Elle peut prendre de multiples formes : la pri\u00e8re personnelle et silencieuse, la pri\u00e8re liturgique (comme la messe), la pri\u00e8re du chapelet, ou encore les neuvaines. C'est un moment privil\u00e9gi\u00e9 pour parler \u00e0 Dieu, l'\u00e9couter, lui rendre gr\u00e2ce et lui pr\u00e9senter nos intentions.\t\t\t\t\t<\/p>\n\t\t\t\t\n\t\t\t<\/div>\n\t\t\t\n\t\t<\/div>\n\t\t\t\t\t\t<\/div>\n\t\t\t\t<\/div>\n\t\t<div class=\"elementor-element elementor-element-0c893ef e-con-full e-flex e-con e-child\" data-id=\"0c893ef\" data-element_type=\"container\" data-settings=\"{&quot;background_background&quot;:&quot;classic&quot;}\">\n\t\t\t\t<\/div>\n\t\t\t\t<\/div>\n\t\t\t\t<div class=\"elementor-element elementor-element-034f111 elementor-widget__width-inherit elementor-widget-divider--view-line elementor-widget elementor-widget-divider\" data-id=\"034f111\" data-element_type=\"widget\" data-widget_type=\"divider.default\">\n\t\t\t\t\t\t\t<div class=\"elementor-divider\">\n\t\t\t<span class=\"elementor-divider-separator\">\n\t\t\t\t\t\t<\/span>\n\t\t<\/div>\n\t\t\t\t\t\t<\/div>\n\t\t<div class=\"elementor-element elementor-element-c58e727 e-con-full e-flex e-con e-child\" data-id=\"c58e727\" data-element_type=\"container\" data-settings=\"{&quot;background_background&quot;:&quot;classic&quot;}\">\n\t\t\t\t<\/div>\n\t\t<div class=\"elementor-element elementor-element-1e71b20 e-con-full e-flex e-con e-child\" data-id=\"1e71b20\" data-element_type=\"container\">\n\t\t\t\t<div class=\"elementor-element elementor-element-348ee14 elementor-widget elementor-widget-icon-box\" data-id=\"348ee14\" data-element_type=\"widget\" data-widget_type=\"icon-box.default\">\n\t\t\t\t\t\t\t<div class=\"elementor-icon-box-wrapper\">\n\n\t\t\t\n\t\t\t\t\t\t<div class=\"elementor-icon-box-content\">\n\n\t\t\t\t\t\t\t\t\t<h3 class=\"elementor-icon-box-title\">\n\t\t\t\t\t\t<span  >\n\t\t\t\t\t\t\tLes Sacrements : Sources de Gr\u00e2ce\t\t\t\t\t\t<\/span>\n\t\t\t\t\t<\/h3>\n\t\t\t\t\n\t\t\t\t\t\t\t\t\t<p class=\"elementor-icon-box-description\">\n\t\t\t\t\t\tLes sept sacrements sont des signes efficaces de la gr\u00e2ce de Dieu. L'Eucharistie (la messe) est le sacrement central, o\u00f9 les catholiques croient recevoir le corps et le sang du Christ. Le sacrement de la R\u00e9conciliation (confession) offre le pardon des p\u00e9ch\u00e9s. Le bapt\u00eame, la confirmation, le mariage, l'ordre et l'onction des malades sont \u00e9galement des moments fondamentaux de la vie spirituelle.\t\t\t\t\t<\/p>\n\t\t\t\t\n\t\t\t<\/div>\n\t\t\t\n\t\t<\/div>\n\t\t\t\t\t\t<\/div>\n\t\t\t\t<\/div>\n\t\t\t\t<div class=\"elementor-element elementor-element-e542bb1 elementor-widget__width-inherit elementor-widget-divider--view-line elementor-widget elementor-widget-divider\" data-id=\"e542bb1\" data-element_type=\"widget\" data-widget_type=\"divider.default\">\n\t\t\t\t\t\t\t<div class=\"elementor-divider\">\n\t\t\t<span class=\"elementor-divider-separator\">\n\t\t\t\t\t\t<\/span>\n\t\t<\/div>\n\t\t\t\t\t\t<\/div>\n\t\t<div class=\"elementor-element elementor-element-34075b8 e-con-full e-flex e-con e-child\" data-id=\"34075b8\" data-element_type=\"container\">\n\t\t<div class=\"elementor-element elementor-element-82643f7 e-con-full e-flex e-con e-child\" data-id=\"82643f7\" data-element_type=\"container\">\n\t\t\t\t<div class=\"elementor-element elementor-element-d0eaca3 elementor-widget elementor-widget-icon-box\" data-id=\"d0eaca3\" data-element_type=\"widget\" data-widget_type=\"icon-box.default\">\n\t\t\t\t\t\t\t<div class=\"elementor-icon-box-wrapper\">\n\n\t\t\t\n\t\t\t\t\t\t<div class=\"elementor-icon-box-content\">\n\n\t\t\t\t\t\t\t\t\t<h3 class=\"elementor-icon-box-title\">\n\t\t\t\t\t\t<span  >\n\t\t\t\t\t\t\tLa Lecture de la Bible : La Parole de Dieu\t\t\t\t\t\t<\/span>\n\t\t\t\t\t<\/h3>\n\t\t\t\t\n\t\t\t\t\t\t\t\t\t<p class=\"elementor-icon-box-description\">\n\t\t\t\t\t\tM\u00e9diter la Parole de Dieu contenue dans la Bible est une pratique courante. L'\u00c9vangile en particulier est une source d'inspiration pour la vie quotidienne, offrant des enseignements sur l'amour, la mis\u00e9ricorde, le pardon et la justice.\t\t\t\t\t<\/p>\n\t\t\t\t\n\t\t\t<\/div>\n\t\t\t\n\t\t<\/div>\n\t\t\t\t\t\t<\/div>\n\t\t\t\t<\/div>\n\t\t<div class=\"elementor-element elementor-element-e25012f e-con-full e-flex e-con e-child\" data-id=\"e25012f\" data-element_type=\"container\" data-settings=\"{&quot;background_background&quot;:&quot;classic&quot;}\">\n\t\t\t\t<\/div>\n\t\t\t\t<\/div>\n\t\t\t\t<div class=\"elementor-element elementor-element-d61312f elementor-widget__width-inherit elementor-widget-divider--view-line elementor-widget elementor-widget-divider\" data-id=\"d61312f\" data-element_type=\"widget\" data-widget_type=\"divider.default\">\n\t\t\t\t\t\t\t<div class=\"elementor-divider\">\n\t\t\t<span class=\"elementor-divider-separator\">\n\t\t\t\t\t\t<\/span>\n\t\t<\/div>\n\t\t\t\t\t\t<\/div>\n\t\t<div class=\"elementor-element elementor-element-c50e49a e-con-full e-flex e-con e-child\" data-id=\"c50e49a\" data-element_type=\"container\" data-settings=\"{&quot;background_background&quot;:&quot;classic&quot;}\">\n\t\t\t\t<\/div>\n\t\t<div class=\"elementor-element elementor-element-a457687 e-con-full e-flex e-con e-child\" data-id=\"a457687\" data-element_type=\"container\">\n\t\t\t\t<div class=\"elementor-element elementor-element-bf73553 elementor-widget elementor-widget-icon-box\" data-id=\"bf73553\" data-element_type=\"widget\" data-widget_type=\"icon-box.default\">\n\t\t\t\t\t\t\t<div class=\"elementor-icon-box-wrapper\">\n\n\t\t\t\n\t\t\t\t\t\t<div class=\"elementor-icon-box-content\">\n\n\t\t\t\t\t\t\t\t\t<h3 class=\"elementor-icon-box-title\">\n\t\t\t\t\t\t<span  >\n\t\t\t\t\t\t\tLa D\u00e9votion Mariale : V\u00e9n\u00e9ration de la Vierge Marie\t\t\t\t\t\t<\/span>\n\t\t\t\t\t<\/h3>\n\t\t\t\t\n\t\t\t\t\t\t\t\t\t<p class=\"elementor-icon-box-description\">\n\t\t\t\t\t\tLa Vierge Marie, m\u00e8re de J\u00e9sus, occupe une place tr\u00e8s sp\u00e9ciale dans la spiritualit\u00e9 catholique. Elle est v\u00e9n\u00e9r\u00e9e comme un mod\u00e8le de foi, d'humilit\u00e9 et d'amour. Les d\u00e9votions mariales, comme le chapelet, les p\u00e8lerinages \u00e0 des sanctuaires mariaux (Lourdes, Fatima), et la cons\u00e9cration \u00e0 Marie, sont des moyens pour de nombreux fid\u00e8les de se rapprocher de Dieu \u00e0 travers son intercession.\t\t\t\t\t<\/p>\n\t\t\t\t\n\t\t\t<\/div>\n\t\t\t\n\t\t<\/div>\n\t\t\t\t\t\t<\/div>\n\t\t\t\t<\/div>\n\t\t\t\t\t<\/div>\n\t\t\t\t<\/div>\n\t\t\t\t<\/div>\n\t\t","protected":false},"excerpt":{"rendered":"<p>La spiritualit\u00e9 La spiritualit\u00e9 catholique est la vie de foi centr\u00e9e sur le Christ et les Sacrements, o\u00f9 l&rsquo;on cherche la saintet\u00e9 par la pri\u00e8re, la charit\u00e9 et l&rsquo;ob\u00e9issance \u00e0 l&rsquo;\u00c9glise. La Pri\u00e8re : Le C\u0153ur de la Spiritualit\u00e9 La pri\u00e8re est essentielle. Elle peut prendre de multiples formes : la pri\u00e8re personnelle et silencieuse, la pri\u00e8re liturgique (comme la&#8230;<\/p>\n","protected":false},"author":1,"featured_media":0,"parent":0,"menu_order":0,"comment_status":"closed","ping_status":"closed","template":"elementor_header_footer","meta":{"footnotes":""},"class_list":["post-1226","page","type-page","status-publish","hentry"],"_links":{"self":[{"href":"https:\/\/missionlja.org\/index.php\/wp-json\/wp\/v2\/pages\/1226","targetHints":{"allow":["GET"]}}],"collection":[{"href":"https:\/\/missionlja.org\/index.php\/wp-json\/wp\/v2\/pages"}],"about":[{"href":"https:\/\/missionlja.org\/index.php\/wp-json\/wp\/v2\/types\/page"}],"author":[{"embeddable":true,"href":"https:\/\/missionlja.org\/index.php\/wp-json\/wp\/v2\/users\/1"}],"replies":[{"embeddable":true,"href":"https:\/\/missionlja.org\/index.php\/wp-json\/wp\/v2\/comments?post=1226"}],"version-history":[{"count":76,"href":"https:\/\/missionlja.org\/index.php\/wp-json\/wp\/v2\/pages\/1226\/revisions"}],"predecessor-version":[{"id":1607,"href":"https:\/\/missionlja.org\/index.php\/wp-json\/wp\/v2\/pages\/1226\/revisions\/1607"}],"wp:attachment":[{"href":"https:\/\/missionlja.org\/index.php\/wp-json\/wp\/v2\/media?parent=1226"}],"curies":[{"name":"wp","href":"https:\/\/api.w.org\/{rel}","templated":true}]}}