{"id":1228,"date":"2025-12-04T18:35:51","date_gmt":"2025-12-04T18:35:51","guid":{"rendered":"https:\/\/missionlja.org\/?page_id=1228"},"modified":"2025-12-05T18:24:47","modified_gmt":"2025-12-05T18:24:47","slug":"saints-inspirateurs","status":"publish","type":"page","link":"https:\/\/missionlja.org\/index.php\/saints-inspirateurs\/","title":{"rendered":"Saints inspirateurs"},"content":{"rendered":"\t\t<div data-elementor-type=\"wp-page\" data-elementor-id=\"1228\" class=\"elementor elementor-1228\">\n\t\t\t\t<div class=\"elementor-element elementor-element-zdgy7n0 e-flex e-con-boxed e-con e-parent\" data-id=\"zdgy7n0\" data-element_type=\"container\" data-settings=\"{&quot;background_background&quot;:&quot;classic&quot;}\">\n\t\t\t\t\t<div class=\"e-con-inner\">\n\t\t\t\t<div class=\"elementor-element elementor-element-df3e544 elementor-widget elementor-widget-heading\" data-id=\"df3e544\" data-element_type=\"widget\" data-widget_type=\"heading.default\">\n\t\t\t\t\t<h2 class=\"elementor-heading-title elementor-size-default\">Saints inspirateurs<\/h2>\t\t\t\t<\/div>\n\t\t\t\t<div class=\"elementor-element elementor-element-e8b091f elementor-widget elementor-widget-text-editor\" data-id=\"e8b091f\" data-element_type=\"widget\" data-widget_type=\"text-editor.default\">\n\t\t\t\t\t\t\t\t\t<p>Les saints inspirateurs sont des <b>mod\u00e8les de vie chr\u00e9tienne<\/b> qui, par leur <b>vertu h\u00e9ro\u00efque et leur z\u00e8le<\/b>, offrent un <b>exemple concret<\/b> pour vivre l&rsquo;\u00c9vangile. Ils servent de phares spirituels pour encourager la foi et la mission.<\/p>\t\t\t\t\t\t\t\t<\/div>\n\t\t<div class=\"elementor-element elementor-element-57e1a25 e-grid e-con-full e-con e-child\" data-id=\"57e1a25\" data-element_type=\"container\">\n\t\t<div class=\"elementor-element elementor-element-13a945a e-con-full e-flex e-con e-child\" data-id=\"13a945a\" data-element_type=\"container\" data-settings=\"{&quot;background_background&quot;:&quot;classic&quot;}\">\n\t\t\t\t<div class=\"elementor-element elementor-element-ab854bd elementor-widget elementor-widget-image\" data-id=\"ab854bd\" data-element_type=\"widget\" data-widget_type=\"image.default\">\n\t\t\t\t\t\t\t\t\t\t\t\t\t\t\t<img fetchpriority=\"high\" decoding=\"async\" width=\"1024\" height=\"1024\" src=\"https:\/\/missionlja.org\/wp-content\/uploads\/2025\/12\/f.jpg\" class=\"attachment-full size-full wp-image-1561\" alt=\"\" srcset=\"https:\/\/missionlja.org\/wp-content\/uploads\/2025\/12\/f.jpg 1024w, https:\/\/missionlja.org\/wp-content\/uploads\/2025\/12\/f-300x300.jpg 300w, https:\/\/missionlja.org\/wp-content\/uploads\/2025\/12\/f-150x150.jpg 150w, https:\/\/missionlja.org\/wp-content\/uploads\/2025\/12\/f-768x768.jpg 768w, https:\/\/missionlja.org\/wp-content\/uploads\/2025\/12\/f-600x600.jpg 600w, https:\/\/missionlja.org\/wp-content\/uploads\/2025\/12\/f-100x100.jpg 100w\" sizes=\"(max-width: 1024px) 100vw, 1024px\" \/>\t\t\t\t\t\t\t\t\t\t\t\t\t\t\t<\/div>\n\t\t\t\t<div class=\"elementor-element elementor-element-9e63852 elementor-widget elementor-widget-icon-box\" data-id=\"9e63852\" data-element_type=\"widget\" data-widget_type=\"icon-box.default\">\n\t\t\t\t\t\t\t<div class=\"elementor-icon-box-wrapper\">\n\n\t\t\t\n\t\t\t\t\t\t<div class=\"elementor-icon-box-content\">\n\n\t\t\t\t\t\t\t\t\t<h5 class=\"elementor-icon-box-title\">\n\t\t\t\t\t\t<span  >\n\t\t\t\t\t\t\tSaint Fran\u00e7ois Xavier\t\t\t\t\t\t<\/span>\n\t\t\t\t\t<\/h5>\n\t\t\t\t\n\t\t\t\t\t\t\t\t\t<p class=\"elementor-icon-box-description\">\n\t\t\t\t\t\tC'est l'un des fondateurs de la Compagnie de J\u00e9sus (J\u00e9suites) et le patron des missions. Il a men\u00e9 une \u0153uvre missionnaire colossale en Inde, en Asie du Sud-Est et au Japon au XVIe si\u00e8cle. Il est connu pour son z\u00e8le, son adaptabilit\u00e9 culturelle et son immense succ\u00e8s dans la conversion.\t\t\t\t\t<\/p>\n\t\t\t\t\n\t\t\t<\/div>\n\t\t\t\n\t\t<\/div>\n\t\t\t\t\t\t<\/div>\n\t\t\t\t<\/div>\n\t\t<div class=\"elementor-element elementor-element-6c17e1c e-con-full e-flex e-con e-child\" data-id=\"6c17e1c\" data-element_type=\"container\" data-settings=\"{&quot;background_background&quot;:&quot;classic&quot;}\">\n\t\t\t\t<div class=\"elementor-element elementor-element-0ab3f60 elementor-widget elementor-widget-image\" data-id=\"0ab3f60\" data-element_type=\"widget\" data-widget_type=\"image.default\">\n\t\t\t\t\t\t\t\t\t\t\t\t\t\t\t<img decoding=\"async\" width=\"1024\" height=\"1024\" src=\"https:\/\/missionlja.org\/wp-content\/uploads\/2025\/12\/f2.jpg\" class=\"attachment-full size-full wp-image-1565\" alt=\"\" srcset=\"https:\/\/missionlja.org\/wp-content\/uploads\/2025\/12\/f2.jpg 1024w, https:\/\/missionlja.org\/wp-content\/uploads\/2025\/12\/f2-300x300.jpg 300w, https:\/\/missionlja.org\/wp-content\/uploads\/2025\/12\/f2-150x150.jpg 150w, https:\/\/missionlja.org\/wp-content\/uploads\/2025\/12\/f2-768x768.jpg 768w, https:\/\/missionlja.org\/wp-content\/uploads\/2025\/12\/f2-600x600.jpg 600w, https:\/\/missionlja.org\/wp-content\/uploads\/2025\/12\/f2-100x100.jpg 100w\" sizes=\"(max-width: 1024px) 100vw, 1024px\" \/>\t\t\t\t\t\t\t\t\t\t\t\t\t\t\t<\/div>\n\t\t\t\t<div class=\"elementor-element elementor-element-bec77bb elementor-widget elementor-widget-icon-box\" data-id=\"bec77bb\" data-element_type=\"widget\" data-widget_type=\"icon-box.default\">\n\t\t\t\t\t\t\t<div class=\"elementor-icon-box-wrapper\">\n\n\t\t\t\n\t\t\t\t\t\t<div class=\"elementor-icon-box-content\">\n\n\t\t\t\t\t\t\t\t\t<h5 class=\"elementor-icon-box-title\">\n\t\t\t\t\t\t<span  >\n\t\t\t\t\t\t\tSainte Th\u00e9r\u00e8se de Lisieux\t\t\t\t\t\t<\/span>\n\t\t\t\t\t<\/h5>\n\t\t\t\t\n\t\t\t\t\t\t\t\t\t<p class=\"elementor-icon-box-description\">\n\t\t\t\t\t\tBien qu'elle soit morte jeune et n'ait jamais quitt\u00e9 son monast\u00e8re carm\u00e9lite en France, elle est la copatronne des missions (avec Saint Fran\u00e7ois Xavier). Son influence vient de sa \"petite voie\" de saintet\u00e9, offrant des pri\u00e8res et des sacrifices pour soutenir les missionnaires sur le terrain. Elle montre que la pri\u00e8re est le moteur essentiel de la mission.\t\t\t\t\t<\/p>\n\t\t\t\t\n\t\t\t<\/div>\n\t\t\t\n\t\t<\/div>\n\t\t\t\t\t\t<\/div>\n\t\t\t\t<\/div>\n\t\t<div class=\"elementor-element elementor-element-354e38e e-con-full e-flex e-con e-child\" data-id=\"354e38e\" data-element_type=\"container\" data-settings=\"{&quot;background_background&quot;:&quot;classic&quot;}\">\n\t\t\t\t<div class=\"elementor-element elementor-element-160cf38 elementor-widget elementor-widget-image\" data-id=\"160cf38\" data-element_type=\"widget\" data-widget_type=\"image.default\">\n\t\t\t\t\t\t\t\t\t\t\t\t\t\t\t<img decoding=\"async\" width=\"1024\" height=\"1024\" src=\"https:\/\/missionlja.org\/wp-content\/uploads\/2025\/12\/f3.jpg\" class=\"attachment-full size-full wp-image-1569\" alt=\"\" srcset=\"https:\/\/missionlja.org\/wp-content\/uploads\/2025\/12\/f3.jpg 1024w, https:\/\/missionlja.org\/wp-content\/uploads\/2025\/12\/f3-300x300.jpg 300w, https:\/\/missionlja.org\/wp-content\/uploads\/2025\/12\/f3-150x150.jpg 150w, https:\/\/missionlja.org\/wp-content\/uploads\/2025\/12\/f3-768x768.jpg 768w, https:\/\/missionlja.org\/wp-content\/uploads\/2025\/12\/f3-600x600.jpg 600w, https:\/\/missionlja.org\/wp-content\/uploads\/2025\/12\/f3-100x100.jpg 100w\" sizes=\"(max-width: 1024px) 100vw, 1024px\" \/>\t\t\t\t\t\t\t\t\t\t\t\t\t\t\t<\/div>\n\t\t\t\t<div class=\"elementor-element elementor-element-6a62669 elementor-widget elementor-widget-icon-box\" data-id=\"6a62669\" data-element_type=\"widget\" data-widget_type=\"icon-box.default\">\n\t\t\t\t\t\t\t<div class=\"elementor-icon-box-wrapper\">\n\n\t\t\t\n\t\t\t\t\t\t<div class=\"elementor-icon-box-content\">\n\n\t\t\t\t\t\t\t\t\t<h5 class=\"elementor-icon-box-title\">\n\t\t\t\t\t\t<span  >\n\t\t\t\t\t\t\tSaint Patrick\t\t\t\t\t\t<\/span>\n\t\t\t\t\t<\/h5>\n\t\t\t\t\n\t\t\t\t\t\t\t\t\t<p class=\"elementor-icon-box-description\">\n\t\t\t\t\t\tUn missionnaire du Ve si\u00e8cle c\u00e9l\u00e8bre pour avoir apport\u00e9 le christianisme en Irlande. Initialement esclave, il est revenu en Irlande en tant qu'\u00e9v\u00eaque pour \u00e9vang\u00e9liser le pays, utilisant le tr\u00e8fle pour expliquer la Trinit\u00e9. Il est un mod\u00e8le d'inculturation et de pers\u00e9v\u00e9rance.\t\t\t\t\t<\/p>\n\t\t\t\t\n\t\t\t<\/div>\n\t\t\t\n\t\t<\/div>\n\t\t\t\t\t\t<\/div>\n\t\t\t\t<\/div>\n\t\t<div class=\"elementor-element elementor-element-638ebdd e-con-full e-flex e-con e-child\" data-id=\"638ebdd\" data-element_type=\"container\" data-settings=\"{&quot;background_background&quot;:&quot;classic&quot;}\">\n\t\t\t\t<div class=\"elementor-element elementor-element-673137a elementor-widget elementor-widget-image\" data-id=\"673137a\" data-element_type=\"widget\" data-widget_type=\"image.default\">\n\t\t\t\t\t\t\t\t\t\t\t\t\t\t\t<img loading=\"lazy\" decoding=\"async\" width=\"1024\" height=\"1024\" src=\"https:\/\/missionlja.org\/wp-content\/uploads\/2025\/12\/rt.jpg\" class=\"attachment-full size-full wp-image-1583\" alt=\"\" srcset=\"https:\/\/missionlja.org\/wp-content\/uploads\/2025\/12\/rt.jpg 1024w, https:\/\/missionlja.org\/wp-content\/uploads\/2025\/12\/rt-300x300.jpg 300w, https:\/\/missionlja.org\/wp-content\/uploads\/2025\/12\/rt-150x150.jpg 150w, https:\/\/missionlja.org\/wp-content\/uploads\/2025\/12\/rt-768x768.jpg 768w, https:\/\/missionlja.org\/wp-content\/uploads\/2025\/12\/rt-600x600.jpg 600w, https:\/\/missionlja.org\/wp-content\/uploads\/2025\/12\/rt-100x100.jpg 100w\" sizes=\"(max-width: 1024px) 100vw, 1024px\" \/>\t\t\t\t\t\t\t\t\t\t\t\t\t\t\t<\/div>\n\t\t\t\t<div class=\"elementor-element elementor-element-21f8f24 elementor-widget elementor-widget-icon-box\" data-id=\"21f8f24\" data-element_type=\"widget\" data-widget_type=\"icon-box.default\">\n\t\t\t\t\t\t\t<div class=\"elementor-icon-box-wrapper\">\n\n\t\t\t\n\t\t\t\t\t\t<div class=\"elementor-icon-box-content\">\n\n\t\t\t\t\t\t\t\t\t<h5 class=\"elementor-icon-box-title\">\n\t\t\t\t\t\t<span  >\n\t\t\t\t\t\t\tSainte M\u00e8re Teresa de Calcutta\t\t\t\t\t\t<\/span>\n\t\t\t\t\t<\/h5>\n\t\t\t\t\n\t\t\t\t\t\t\t\t\t<p class=\"elementor-icon-box-description\">\n\t\t\t\t\t\t\n\nElle est c\u00e9l\u00e8bre pour sa foi in\u00e9branlable, son esprit de pardon, et pour avoir port\u00e9 sur son front un stigmate en forme d'\u00e9pine, signe de sa participation \u00e0 la Passion du Christ. Elle est un puissant mod\u00e8le de pers\u00e9v\u00e9rance et d'esp\u00e9rance face \u00e0 l'adversit\u00e9.\t\t\t\t\t<\/p>\n\t\t\t\t\n\t\t\t<\/div>\n\t\t\t\n\t\t<\/div>\n\t\t\t\t\t\t<\/div>\n\t\t\t\t<\/div>\n\t\t<div class=\"elementor-element elementor-element-cc405fc e-con-full e-flex e-con e-child\" data-id=\"cc405fc\" data-element_type=\"container\" data-settings=\"{&quot;background_background&quot;:&quot;classic&quot;}\">\n\t\t\t\t<div class=\"elementor-element elementor-element-129ca9c elementor-widget elementor-widget-image\" data-id=\"129ca9c\" data-element_type=\"widget\" data-widget_type=\"image.default\">\n\t\t\t\t\t\t\t\t\t\t\t\t\t\t\t<img loading=\"lazy\" decoding=\"async\" width=\"1024\" height=\"1024\" src=\"https:\/\/missionlja.org\/wp-content\/uploads\/2025\/12\/ggg.jpg\" class=\"attachment-full size-full wp-image-1575\" alt=\"\" srcset=\"https:\/\/missionlja.org\/wp-content\/uploads\/2025\/12\/ggg.jpg 1024w, https:\/\/missionlja.org\/wp-content\/uploads\/2025\/12\/ggg-300x300.jpg 300w, https:\/\/missionlja.org\/wp-content\/uploads\/2025\/12\/ggg-150x150.jpg 150w, https:\/\/missionlja.org\/wp-content\/uploads\/2025\/12\/ggg-768x768.jpg 768w, https:\/\/missionlja.org\/wp-content\/uploads\/2025\/12\/ggg-600x600.jpg 600w, https:\/\/missionlja.org\/wp-content\/uploads\/2025\/12\/ggg-100x100.jpg 100w\" sizes=\"(max-width: 1024px) 100vw, 1024px\" \/>\t\t\t\t\t\t\t\t\t\t\t\t\t\t\t<\/div>\n\t\t\t\t<div class=\"elementor-element elementor-element-d081581 elementor-widget elementor-widget-icon-box\" data-id=\"d081581\" data-element_type=\"widget\" data-widget_type=\"icon-box.default\">\n\t\t\t\t\t\t\t<div class=\"elementor-icon-box-wrapper\">\n\n\t\t\t\n\t\t\t\t\t\t<div class=\"elementor-icon-box-content\">\n\n\t\t\t\t\t\t\t\t\t<h5 class=\"elementor-icon-box-title\">\n\t\t\t\t\t\t<span  >\n\t\t\t\t\t\t\tSaint Damien de Veuster (P\u00e8re Damien)\t\t\t\t\t\t<\/span>\n\t\t\t\t\t<\/h5>\n\t\t\t\t\n\t\t\t\t\t\t\t\t\t<p class=\"elementor-icon-box-description\">\n\t\t\t\t\t\tUn pr\u00eatre belge de la Congr\u00e9gation des Sacr\u00e9s-C\u0153urs qui est parti comme missionnaire \u00e0 Hawa\u00ef. Il est c\u00e9l\u00e8bre pour son service h\u00e9ro\u00efque aupr\u00e8s des l\u00e9preux de Molokai, o\u00f9 il a v\u00e9cu et est finalement mort de la l\u00e8pre, partageant la vie de ceux qu'il servait. Il incarne l'incarnation radicale de la mission.\t\t\t\t\t<\/p>\n\t\t\t\t\n\t\t\t<\/div>\n\t\t\t\n\t\t<\/div>\n\t\t\t\t\t\t<\/div>\n\t\t\t\t<\/div>\n\t\t<div class=\"elementor-element elementor-element-16cecc9 e-con-full e-flex e-con e-child\" data-id=\"16cecc9\" data-element_type=\"container\" data-settings=\"{&quot;background_background&quot;:&quot;classic&quot;}\">\n\t\t\t\t<div class=\"elementor-element elementor-element-bcfc5f2 elementor-widget elementor-widget-image\" data-id=\"bcfc5f2\" data-element_type=\"widget\" data-widget_type=\"image.default\">\n\t\t\t\t\t\t\t\t\t\t\t\t\t\t\t<img loading=\"lazy\" decoding=\"async\" width=\"1024\" height=\"1024\" src=\"https:\/\/missionlja.org\/wp-content\/uploads\/2025\/12\/ddee.jpg\" class=\"attachment-full size-full wp-image-1579\" alt=\"\" srcset=\"https:\/\/missionlja.org\/wp-content\/uploads\/2025\/12\/ddee.jpg 1024w, https:\/\/missionlja.org\/wp-content\/uploads\/2025\/12\/ddee-300x300.jpg 300w, https:\/\/missionlja.org\/wp-content\/uploads\/2025\/12\/ddee-150x150.jpg 150w, https:\/\/missionlja.org\/wp-content\/uploads\/2025\/12\/ddee-768x768.jpg 768w, https:\/\/missionlja.org\/wp-content\/uploads\/2025\/12\/ddee-600x600.jpg 600w, https:\/\/missionlja.org\/wp-content\/uploads\/2025\/12\/ddee-100x100.jpg 100w\" sizes=\"(max-width: 1024px) 100vw, 1024px\" \/>\t\t\t\t\t\t\t\t\t\t\t\t\t\t\t<\/div>\n\t\t\t\t<div class=\"elementor-element elementor-element-c43e5cd elementor-widget elementor-widget-icon-box\" data-id=\"c43e5cd\" data-element_type=\"widget\" data-widget_type=\"icon-box.default\">\n\t\t\t\t\t\t\t<div class=\"elementor-icon-box-wrapper\">\n\n\t\t\t\n\t\t\t\t\t\t<div class=\"elementor-icon-box-content\">\n\n\t\t\t\t\t\t\t\t\t<h5 class=\"elementor-icon-box-title\">\n\t\t\t\t\t\t<span  >\n\t\t\t\t\t\t\tSainte Kateri Tekakwitha\t\t\t\t\t\t<\/span>\n\t\t\t\t\t<\/h5>\n\t\t\t\t\n\t\t\t\t\t\t\t\t\t<p class=\"elementor-icon-box-description\">\n\t\t\t\t\t\tLa premi\u00e8re sainte autochtone d'Am\u00e9rique du Nord, membre du peuple Mohawk. Convertie au catholicisme, elle a v\u00e9cu une vie de pi\u00e9t\u00e9 profonde et de d\u00e9votion au Christ malgr\u00e9 l'opposition. Elle est un puissant symbole de l'accueil de l'\u00c9vangile dans les cultures non-europ\u00e9ennes et de la saintet\u00e9 accessible \u00e0 tous.\t\t\t\t\t<\/p>\n\t\t\t\t\n\t\t\t<\/div>\n\t\t\t\n\t\t<\/div>\n\t\t\t\t\t\t<\/div>\n\t\t\t\t<\/div>\n\t\t\t\t<\/div>\n\t\t\t\t\t<\/div>\n\t\t\t\t<\/div>\n\t\t\t\t<\/div>\n\t\t","protected":false},"excerpt":{"rendered":"<p>Saints inspirateurs Les saints inspirateurs sont des mod\u00e8les de vie chr\u00e9tienne qui, par leur vertu h\u00e9ro\u00efque et leur z\u00e8le, offrent un exemple concret pour vivre l&rsquo;\u00c9vangile. Ils servent de phares spirituels pour encourager la foi et la mission. Saint Fran\u00e7ois Xavier C&rsquo;est l&rsquo;un des fondateurs de la Compagnie de J\u00e9sus (J\u00e9suites) et le patron des missions. Il a men\u00e9 une&#8230;<\/p>\n","protected":false},"author":1,"featured_media":0,"parent":0,"menu_order":0,"comment_status":"closed","ping_status":"closed","template":"elementor_header_footer","meta":{"footnotes":""},"class_list":["post-1228","page","type-page","status-publish","hentry"],"_links":{"self":[{"href":"https:\/\/missionlja.org\/index.php\/wp-json\/wp\/v2\/pages\/1228","targetHints":{"allow":["GET"]}}],"collection":[{"href":"https:\/\/missionlja.org\/index.php\/wp-json\/wp\/v2\/pages"}],"about":[{"href":"https:\/\/missionlja.org\/index.php\/wp-json\/wp\/v2\/types\/page"}],"author":[{"embeddable":true,"href":"https:\/\/missionlja.org\/index.php\/wp-json\/wp\/v2\/users\/1"}],"replies":[{"embeddable":true,"href":"https:\/\/missionlja.org\/index.php\/wp-json\/wp\/v2\/comments?post=1228"}],"version-history":[{"count":37,"href":"https:\/\/missionlja.org\/index.php\/wp-json\/wp\/v2\/pages\/1228\/revisions"}],"predecessor-version":[{"id":1603,"href":"https:\/\/missionlja.org\/index.php\/wp-json\/wp\/v2\/pages\/1228\/revisions\/1603"}],"wp:attachment":[{"href":"https:\/\/missionlja.org\/index.php\/wp-json\/wp\/v2\/media?parent=1228"}],"curies":[{"name":"wp","href":"https:\/\/api.w.org\/{rel}","templated":true}]}}