{"id":1248,"date":"2025-12-04T18:41:35","date_gmt":"2025-12-04T18:41:35","guid":{"rendered":"https:\/\/missionlja.org\/?page_id=1248"},"modified":"2025-12-15T07:50:28","modified_gmt":"2025-12-15T07:50:28","slug":"temoignages","status":"publish","type":"page","link":"https:\/\/missionlja.org\/index.php\/temoignages\/","title":{"rendered":"T\u00e9moignages"},"content":{"rendered":"\t\t<div data-elementor-type=\"wp-page\" data-elementor-id=\"1248\" class=\"elementor elementor-1248\">\n\t\t\t\t\t\t<section class=\"elementor-section elementor-top-section elementor-element elementor-element-0r67d3g elementor-section-boxed elementor-section-height-default elementor-section-height-default\" data-id=\"0r67d3g\" data-element_type=\"section\" data-settings=\"{&quot;background_background&quot;:&quot;classic&quot;}\">\n\t\t\t\t\t\t\t<div class=\"elementor-background-overlay\"><\/div>\n\t\t\t\t\t\t\t<div class=\"elementor-container elementor-column-gap-no\">\n\t\t\t\t\t<div class=\"elementor-column elementor-col-100 elementor-top-column elementor-element elementor-element-6fbe738\" data-id=\"6fbe738\" data-element_type=\"column\">\n\t\t\t<div class=\"elementor-widget-wrap elementor-element-populated\">\n\t\t\t\t\t\t<div class=\"elementor-element elementor-element-f1acbd8 elementor-widget elementor-widget-heading\" data-id=\"f1acbd8\" data-element_type=\"widget\" data-widget_type=\"heading.default\">\n\t\t\t\t\t<h1 class=\"elementor-heading-title elementor-size-default\">Temoignages<\/h1>\t\t\t\t<\/div>\n\t\t\t\t\t<\/div>\n\t\t<\/div>\n\t\t\t\t\t<\/div>\n\t\t<\/section>\n\t\t\t\t<section class=\"elementor-section elementor-top-section elementor-element elementor-element-3ooj6av elementor-section-content-middle elementor-section-boxed elementor-section-height-default elementor-section-height-default\" data-id=\"3ooj6av\" data-element_type=\"section\" data-settings=\"{&quot;background_background&quot;:&quot;classic&quot;}\">\n\t\t\t\t\t\t<div class=\"elementor-container elementor-column-gap-no\">\n\t\t\t\t\t<div class=\"elementor-column elementor-col-100 elementor-top-column elementor-element elementor-element-3ad5b548\" data-id=\"3ad5b548\" data-element_type=\"column\">\n\t\t\t<div class=\"elementor-widget-wrap elementor-element-populated\">\n\t\t\t\t\t\t<section class=\"elementor-section elementor-inner-section elementor-element elementor-element-60914bc1 elementor-section-boxed elementor-section-height-default elementor-section-height-default\" data-id=\"60914bc1\" data-element_type=\"section\">\n\t\t\t\t\t\t<div class=\"elementor-container elementor-column-gap-no\">\n\t\t\t\t\t<div class=\"elementor-column elementor-col-33 elementor-inner-column elementor-element elementor-element-ccf8bca\" data-id=\"ccf8bca\" data-element_type=\"column\" data-settings=\"{&quot;background_background&quot;:&quot;classic&quot;}\">\n\t\t\t<div class=\"elementor-widget-wrap elementor-element-populated\">\n\t\t\t\t\t\t<div class=\"elementor-element elementor-element-a059868 elementor-view-default elementor-widget elementor-widget-icon\" data-id=\"a059868\" data-element_type=\"widget\" data-widget_type=\"icon.default\">\n\t\t\t\t\t\t\t<div class=\"elementor-icon-wrapper\">\n\t\t\t<div class=\"elementor-icon\">\n\t\t\t\t\t\t\t<i class=\"fa fa-quote-left\" aria-hidden=\"true\"><\/i>\n\t\t\t\t\t\t<\/div>\n\t\t<\/div>\n\t\t\t\t\t\t<\/div>\n\t\t\t\t<div class=\"elementor-element elementor-element-d8a5296 elementor-widget elementor-widget-text-editor\" data-id=\"d8a5296\" data-element_type=\"widget\" data-widget_type=\"text-editor.default\">\n\t\t\t\t\t\t\t\t\t<p>Pendant dix ans, l&rsquo;alcool a \u00e9t\u00e9 mon ma\u00eetre. Je perdais tout : ma famille, mon travail, ma dignit\u00e9. Un soir, au fond du d\u00e9sespoir, j&rsquo;ai cri\u00e9 vers Dieu. Ce n&rsquo;\u00e9tait pas une pri\u00e8re \u00e9l\u00e9gante, mais un appel au secours brut. Le lendemain, une main invisible, mais puissante, a commenc\u00e9 \u00e0 desserrer l&#8217;emprise. Aujourd&rsquo;hui, je suis sobre depuis cinq ans. <b>Ma force n&rsquo;est pas en moi, elle est dans le Christ<\/b> qui m&rsquo;a ressuscit\u00e9. Il est le seul chemin vers la vraie libert\u00e9.<\/p>\t\t\t\t\t\t\t\t<\/div>\n\t\t\t\t<div class=\"elementor-element elementor-element-5258a85 elementor-widget elementor-widget-heading\" data-id=\"5258a85\" data-element_type=\"widget\" data-widget_type=\"heading.default\">\n\t\t\t\t\t<h4 class=\"elementor-heading-title elementor-size-default\">Marc Dubois<\/h4>\t\t\t\t<\/div>\n\t\t\t\t<div class=\"elementor-element elementor-element-a1b31a5 elementor-widget elementor-widget-heading\" data-id=\"a1b31a5\" data-element_type=\"widget\" data-widget_type=\"heading.default\">\n\t\t\t\t\t<h6 class=\"elementor-heading-title elementor-size-default\">Ancien architecte<\/h6>\t\t\t\t<\/div>\n\t\t\t\t\t<\/div>\n\t\t<\/div>\n\t\t\t\t<div class=\"elementor-column elementor-col-33 elementor-inner-column elementor-element elementor-element-8f94def\" data-id=\"8f94def\" data-element_type=\"column\" data-settings=\"{&quot;background_background&quot;:&quot;classic&quot;}\">\n\t\t\t<div class=\"elementor-widget-wrap elementor-element-populated\">\n\t\t\t\t\t\t<div class=\"elementor-element elementor-element-d5e4b6e elementor-view-default elementor-widget elementor-widget-icon\" data-id=\"d5e4b6e\" data-element_type=\"widget\" data-widget_type=\"icon.default\">\n\t\t\t\t\t\t\t<div class=\"elementor-icon-wrapper\">\n\t\t\t<div class=\"elementor-icon\">\n\t\t\t\t\t\t\t<i class=\"fa fa-quote-left\" aria-hidden=\"true\"><\/i>\n\t\t\t\t\t\t<\/div>\n\t\t<\/div>\n\t\t\t\t\t\t<\/div>\n\t\t\t\t<div class=\"elementor-element elementor-element-06a5cab elementor-widget elementor-widget-text-editor\" data-id=\"06a5cab\" data-element_type=\"widget\" data-widget_type=\"text-editor.default\">\n\t\t\t\t\t\t\t\t\t<p>La perte soudaine de mon \u00e9poux a \u00e9t\u00e9 la chose la plus d\u00e9vastatrice de ma vie. Mon c\u0153ur \u00e9tait bris\u00e9, et la col\u00e8re mena\u00e7ait de tout emporter. C&rsquo;est dans ce vide que j&rsquo;ai red\u00e9couvert la pr\u00e9sence de Dieu. Les \u00c9critures n&rsquo;ont plus \u00e9t\u00e9 de simples mots, mais des promesses vivantes. Le Saint-Esprit est devenu mon Consolateur. Je porte toujours la douleur, mais elle est envelopp\u00e9e d&rsquo;une <b>paix surnaturelle qui surpasse toute compr\u00e9hension<\/b>. Je sais que l&rsquo;esp\u00e9rance chr\u00e9tienne est la seule ancre dans la temp\u00eate.\u00a0<\/p>\t\t\t\t\t\t\t\t<\/div>\n\t\t\t\t<div class=\"elementor-element elementor-element-09c621b elementor-widget elementor-widget-heading\" data-id=\"09c621b\" data-element_type=\"widget\" data-widget_type=\"heading.default\">\n\t\t\t\t\t<h4 class=\"elementor-heading-title elementor-size-default\">Sophie Moreau<\/h4>\t\t\t\t<\/div>\n\t\t\t\t<div class=\"elementor-element elementor-element-5c537ca elementor-widget elementor-widget-heading\" data-id=\"5c537ca\" data-element_type=\"widget\" data-widget_type=\"heading.default\">\n\t\t\t\t\t<h6 class=\"elementor-heading-title elementor-size-default\">M\u00e8re au foyer<\/h6>\t\t\t\t<\/div>\n\t\t\t\t\t<\/div>\n\t\t<\/div>\n\t\t\t\t<div class=\"elementor-column elementor-col-33 elementor-inner-column elementor-element elementor-element-29da0d0\" data-id=\"29da0d0\" data-element_type=\"column\" data-settings=\"{&quot;background_background&quot;:&quot;classic&quot;}\">\n\t\t\t<div class=\"elementor-widget-wrap elementor-element-populated\">\n\t\t\t\t\t\t<div class=\"elementor-element elementor-element-9f4fb72 elementor-view-default elementor-widget elementor-widget-icon\" data-id=\"9f4fb72\" data-element_type=\"widget\" data-widget_type=\"icon.default\">\n\t\t\t\t\t\t\t<div class=\"elementor-icon-wrapper\">\n\t\t\t<div class=\"elementor-icon\">\n\t\t\t\t\t\t\t<i class=\"fa fa-quote-left\" aria-hidden=\"true\"><\/i>\n\t\t\t\t\t\t<\/div>\n\t\t<\/div>\n\t\t\t\t\t\t<\/div>\n\t\t\t\t<div class=\"elementor-element elementor-element-8ef21a7 elementor-widget elementor-widget-text-editor\" data-id=\"8ef21a7\" data-element_type=\"widget\" data-widget_type=\"text-editor.default\">\n\t\t\t\t\t\t\t\t\t<p>J&rsquo;ai grandi dans la foi, mais mes \u00e9tudes m&rsquo;ont men\u00e9 \u00e0 l&rsquo;agnosticisme. J&rsquo;analysais la Bible comme un texte historique, cherchant les failles. Mon orgueil intellectuel \u00e9tait un mur entre moi et Dieu. C&rsquo;est en aidant une \u0153uvre de charit\u00e9 que j&rsquo;ai vu la foi en action. Pas la th\u00e9orie, mais l&rsquo;amour sacrificiel. J&rsquo;ai r\u00e9alis\u00e9 que l&rsquo;on ne prouve pas Dieu, on Le rencontre. J&rsquo;ai d\u00e9pos\u00e9 mes arguments et j&rsquo;ai dit : &lsquo;Seigneur, je crois ; aide mon incr\u00e9dulit\u00e9.&rsquo; <b>La foi n&rsquo;est pas l&rsquo;absence de doute, c&rsquo;est la confiance malgr\u00e9 le doute.<\/b>\u00a0<\/p>\t\t\t\t\t\t\t\t<\/div>\n\t\t\t\t<div class=\"elementor-element elementor-element-8444db2 elementor-widget elementor-widget-heading\" data-id=\"8444db2\" data-element_type=\"widget\" data-widget_type=\"heading.default\">\n\t\t\t\t\t<h4 class=\"elementor-heading-title elementor-size-default\">Dr. David Leclerc<\/h4>\t\t\t\t<\/div>\n\t\t\t\t<div class=\"elementor-element elementor-element-5c50d2a elementor-widget elementor-widget-heading\" data-id=\"5c50d2a\" data-element_type=\"widget\" data-widget_type=\"heading.default\">\n\t\t\t\t\t<h6 class=\"elementor-heading-title elementor-size-default\">Professeur de philosophie<\/h6>\t\t\t\t<\/div>\n\t\t\t\t\t<\/div>\n\t\t<\/div>\n\t\t\t\t\t<\/div>\n\t\t<\/section>\n\t\t\t\t<section class=\"elementor-section elementor-inner-section elementor-element elementor-element-5ed48275 elementor-section-boxed elementor-section-height-default elementor-section-height-default\" data-id=\"5ed48275\" data-element_type=\"section\">\n\t\t\t\t\t\t<div class=\"elementor-container elementor-column-gap-no\">\n\t\t\t\t\t<div class=\"elementor-column elementor-col-33 elementor-inner-column elementor-element elementor-element-187db5f\" data-id=\"187db5f\" data-element_type=\"column\" data-settings=\"{&quot;background_background&quot;:&quot;classic&quot;}\">\n\t\t\t<div class=\"elementor-widget-wrap elementor-element-populated\">\n\t\t\t\t\t\t<div class=\"elementor-element elementor-element-4e65ad elementor-view-default elementor-widget elementor-widget-icon\" data-id=\"4e65ad\" data-element_type=\"widget\" data-widget_type=\"icon.default\">\n\t\t\t\t\t\t\t<div class=\"elementor-icon-wrapper\">\n\t\t\t<div class=\"elementor-icon\">\n\t\t\t\t\t\t\t<i class=\"fa fa-quote-left\" aria-hidden=\"true\"><\/i>\n\t\t\t\t\t\t<\/div>\n\t\t<\/div>\n\t\t\t\t\t\t<\/div>\n\t\t\t\t<div class=\"elementor-element elementor-element-7f87260e elementor-widget elementor-widget-text-editor\" data-id=\"7f87260e\" data-element_type=\"widget\" data-widget_type=\"text-editor.default\">\n\t\t\t\t\t\t\t\t\t<p>Les m\u00e9decins avaient diagnostiqu\u00e9 une maladie auto-immune agressive. J&rsquo;\u00e9tais limit\u00e9e, la douleur constante. J&rsquo;ai pri\u00e9, mes amis ont pri\u00e9, et toute mon \u00e9glise a interc\u00e9d\u00e9. Un soir, pendant une veill\u00e9e de pri\u00e8re, j&rsquo;ai senti une chaleur profonde traverser mon corps. J&rsquo;ai su, sans raison logique, que j&rsquo;\u00e9tais touch\u00e9e. Les tests ult\u00e9rieurs ont montr\u00e9 une r\u00e9mission compl\u00e8te inexpliqu\u00e9e. Je ne cherche pas \u00e0 convaincre la science, mais je t\u00e9moigne : <b>J\u00e9sus-Christ est le m\u00eame hier, aujourd&rsquo;hui et \u00e9ternellement, et Il gu\u00e9rit encore.<\/b><\/p>\t\t\t\t\t\t\t\t<\/div>\n\t\t\t\t<div class=\"elementor-element elementor-element-5b0e1e75 elementor-widget elementor-widget-heading\" data-id=\"5b0e1e75\" data-element_type=\"widget\" data-widget_type=\"heading.default\">\n\t\t\t\t\t<h4 class=\"elementor-heading-title elementor-size-default\">Fatima Benali<\/h4>\t\t\t\t<\/div>\n\t\t\t\t<div class=\"elementor-element elementor-element-5d286e90 elementor-widget elementor-widget-heading\" data-id=\"5d286e90\" data-element_type=\"widget\" data-widget_type=\"heading.default\">\n\t\t\t\t\t<h6 class=\"elementor-heading-title elementor-size-default\">Infirmi\u00e8re retrait\u00e9e.<\/h6>\t\t\t\t<\/div>\n\t\t\t\t\t<\/div>\n\t\t<\/div>\n\t\t\t\t<div class=\"elementor-column elementor-col-33 elementor-inner-column elementor-element elementor-element-f036250\" data-id=\"f036250\" data-element_type=\"column\" data-settings=\"{&quot;background_background&quot;:&quot;classic&quot;}\">\n\t\t\t<div class=\"elementor-widget-wrap elementor-element-populated\">\n\t\t\t\t\t\t<div class=\"elementor-element elementor-element-239a85b elementor-view-default elementor-widget elementor-widget-icon\" data-id=\"239a85b\" data-element_type=\"widget\" data-widget_type=\"icon.default\">\n\t\t\t\t\t\t\t<div class=\"elementor-icon-wrapper\">\n\t\t\t<div class=\"elementor-icon\">\n\t\t\t\t\t\t\t<i class=\"fa fa-quote-left\" aria-hidden=\"true\"><\/i>\n\t\t\t\t\t\t<\/div>\n\t\t<\/div>\n\t\t\t\t\t\t<\/div>\n\t\t\t\t<div class=\"elementor-element elementor-element-4628b12 elementor-widget elementor-widget-text-editor\" data-id=\"4628b12\" data-element_type=\"widget\" data-widget_type=\"text-editor.default\">\n\t\t\t\t\t\t\t\t\t<p>J&rsquo;avais tout : fortune, pouvoir, prestige. Mais plus j&rsquo;en avais, plus mon \u00e2me \u00e9tait vide. J&rsquo;\u00e9tais esclave de ma r\u00e9ussite. Un ami m&rsquo;a simplement invit\u00e9 \u00e0 lire l&rsquo;\u00c9vangile de Jean. J&rsquo;ai \u00e9t\u00e9 frapp\u00e9 par la simplicit\u00e9 de l&rsquo;appel de J\u00e9sus : &lsquo;Viens, et suis-moi.&rsquo; Le jour o\u00f9 j&rsquo;ai abandonn\u00e9 la course au mat\u00e9rialisme pour suivre le Christ, <b>j&rsquo;ai \u00e9chang\u00e9 la richesse du monde contre la richesse \u00e9ternelle<\/b>. Ma vie n&rsquo;est plus ax\u00e9e sur le &lsquo;combien&rsquo;, mais sur le &lsquo;Qui&rsquo; me d\u00e9finit.<\/p>\t\t\t\t\t\t\t\t<\/div>\n\t\t\t\t<div class=\"elementor-element elementor-element-dbbbd37 elementor-widget elementor-widget-heading\" data-id=\"dbbbd37\" data-element_type=\"widget\" data-widget_type=\"heading.default\">\n\t\t\t\t\t<h4 class=\"elementor-heading-title elementor-size-default\">\u00c9ric Chen<\/h4>\t\t\t\t<\/div>\n\t\t\t\t<div class=\"elementor-element elementor-element-43bf11b elementor-widget elementor-widget-heading\" data-id=\"43bf11b\" data-element_type=\"widget\" data-widget_type=\"heading.default\">\n\t\t\t\t\t<h6 class=\"elementor-heading-title elementor-size-default\">Ancien entrepreneur \u00e0 succ\u00e8s<\/h6>\t\t\t\t<\/div>\n\t\t\t\t\t<\/div>\n\t\t<\/div>\n\t\t\t\t<div class=\"elementor-column elementor-col-33 elementor-inner-column elementor-element elementor-element-7d73143\" data-id=\"7d73143\" data-element_type=\"column\" data-settings=\"{&quot;background_background&quot;:&quot;classic&quot;}\">\n\t\t\t<div class=\"elementor-widget-wrap elementor-element-populated\">\n\t\t\t\t\t\t<div class=\"elementor-element elementor-element-08b8fd7 elementor-view-default elementor-widget elementor-widget-icon\" data-id=\"08b8fd7\" data-element_type=\"widget\" data-widget_type=\"icon.default\">\n\t\t\t\t\t\t\t<div class=\"elementor-icon-wrapper\">\n\t\t\t<div class=\"elementor-icon\">\n\t\t\t\t\t\t\t<i class=\"fa fa-quote-left\" aria-hidden=\"true\"><\/i>\n\t\t\t\t\t\t<\/div>\n\t\t<\/div>\n\t\t\t\t\t\t<\/div>\n\t\t\t\t<div class=\"elementor-element elementor-element-6682822 elementor-widget elementor-widget-text-editor\" data-id=\"6682822\" data-element_type=\"widget\" data-widget_type=\"text-editor.default\">\n\t\t\t\t\t\t\t\t\t<p>J&rsquo;ai port\u00e9 la haine et la ranc\u0153ur contre un membre de ma famille pendant des ann\u00e9es apr\u00e8s une trahison douloureuse. Cette amertume me rongeait plus que la personne. En \u00e9tudiant l&rsquo;enseignement de J\u00e9sus sur le pardon, j&rsquo;ai compris que pardonner, c&rsquo;est lib\u00e9rer le prisonnier, et que ce prisonnier, c&rsquo;\u00e9tait moi. Le pardon n&rsquo;est pas un sentiment, c&rsquo;est un acte de la volont\u00e9 que Dieu rend possible. Aujourd&rsquo;hui, <b>la libert\u00e9 du pardon a remplac\u00e9 le poison de la ranc\u0153ur.<\/b> La r\u00e9conciliation a suivi, et c&rsquo;est un miracle.<\/p>\t\t\t\t\t\t\t\t<\/div>\n\t\t\t\t<div class=\"elementor-element elementor-element-403fd25 elementor-widget elementor-widget-heading\" data-id=\"403fd25\" data-element_type=\"widget\" data-widget_type=\"heading.default\">\n\t\t\t\t\t<h4 class=\"elementor-heading-title elementor-size-default\">Camille Leroy<\/h4>\t\t\t\t<\/div>\n\t\t\t\t<div class=\"elementor-element elementor-element-db6e3ff elementor-widget elementor-widget-heading\" data-id=\"db6e3ff\" data-element_type=\"widget\" data-widget_type=\"heading.default\">\n\t\t\t\t\t<h6 class=\"elementor-heading-title elementor-size-default\">B\u00e9n\u00e9vole humanitaire<\/h6>\t\t\t\t<\/div>\n\t\t\t\t\t<\/div>\n\t\t<\/div>\n\t\t\t\t\t<\/div>\n\t\t<\/section>\n\t\t\t\t<section class=\"elementor-section elementor-inner-section elementor-element elementor-element-29ea07c5 elementor-section-boxed elementor-section-height-default elementor-section-height-default\" data-id=\"29ea07c5\" data-element_type=\"section\">\n\t\t\t\t\t\t<div class=\"elementor-container elementor-column-gap-no\">\n\t\t\t\t\t<div class=\"elementor-column elementor-col-33 elementor-inner-column elementor-element elementor-element-4128cf9f\" data-id=\"4128cf9f\" data-element_type=\"column\" data-settings=\"{&quot;background_background&quot;:&quot;classic&quot;}\">\n\t\t\t<div class=\"elementor-widget-wrap elementor-element-populated\">\n\t\t\t\t\t\t<div class=\"elementor-element elementor-element-604e419e elementor-view-default elementor-widget elementor-widget-icon\" data-id=\"604e419e\" data-element_type=\"widget\" data-widget_type=\"icon.default\">\n\t\t\t\t\t\t\t<div class=\"elementor-icon-wrapper\">\n\t\t\t<div class=\"elementor-icon\">\n\t\t\t\t\t\t\t<i class=\"fa fa-quote-left\" aria-hidden=\"true\"><\/i>\n\t\t\t\t\t\t<\/div>\n\t\t<\/div>\n\t\t\t\t\t\t<\/div>\n\t\t\t\t<div class=\"elementor-element elementor-element-55ebc51e elementor-widget elementor-widget-text-editor\" data-id=\"55ebc51e\" data-element_type=\"widget\" data-widget_type=\"text-editor.default\">\n\t\t\t\t\t\t\t\t\t<p>J&rsquo;\u00e9tais un cynique, un homme au c\u0153ur froid. La religion, c&rsquo;\u00e9tait pour les faibles. J&rsquo;\u00e9tais rempli de jugement envers les autres et envers moi-m\u00eame. Ma rencontre avec Christ n&rsquo;a pas \u00e9t\u00e9 spectaculaire, elle a \u00e9t\u00e9 graduelle et profonde, comme un d\u00e9gel. J&rsquo;ai senti l&rsquo;amour de Dieu percer ma carapace. Il m&rsquo;a montr\u00e9 ma valeur non pas dans mes performances, mais dans Son regard. <b>Le Seigneur a remplac\u00e9 mon c\u0153ur de pierre par un c\u0153ur de chair.<\/b> Je peux enfin aimer et servir sans attendre de retour.<\/p>\t\t\t\t\t\t\t\t<\/div>\n\t\t\t\t<div class=\"elementor-element elementor-element-11ef9927 elementor-widget elementor-widget-heading\" data-id=\"11ef9927\" data-element_type=\"widget\" data-widget_type=\"heading.default\">\n\t\t\t\t\t<h4 class=\"elementor-heading-title elementor-size-default\">Antoine Garcia<\/h4>\t\t\t\t<\/div>\n\t\t\t\t<div class=\"elementor-element elementor-element-68f05e6a elementor-widget elementor-widget-heading\" data-id=\"68f05e6a\" data-element_type=\"widget\" data-widget_type=\"heading.default\">\n\t\t\t\t\t<h6 class=\"elementor-heading-title elementor-size-default\">Educateur sp\u00e9cialis\u00e9<\/h6>\t\t\t\t<\/div>\n\t\t\t\t\t<\/div>\n\t\t<\/div>\n\t\t\t\t<div class=\"elementor-column elementor-col-33 elementor-inner-column elementor-element elementor-element-073210f\" data-id=\"073210f\" data-element_type=\"column\" data-settings=\"{&quot;background_background&quot;:&quot;classic&quot;}\">\n\t\t\t<div class=\"elementor-widget-wrap elementor-element-populated\">\n\t\t\t\t\t\t<div class=\"elementor-element elementor-element-9d5b3b9 elementor-view-default elementor-widget elementor-widget-icon\" data-id=\"9d5b3b9\" data-element_type=\"widget\" data-widget_type=\"icon.default\">\n\t\t\t\t\t\t\t<div class=\"elementor-icon-wrapper\">\n\t\t\t<div class=\"elementor-icon\">\n\t\t\t\t\t\t\t<i class=\"fa fa-quote-left\" aria-hidden=\"true\"><\/i>\n\t\t\t\t\t\t<\/div>\n\t\t<\/div>\n\t\t\t\t\t\t<\/div>\n\t\t\t\t<div class=\"elementor-element elementor-element-894fbc2 elementor-widget elementor-widget-text-editor\" data-id=\"894fbc2\" data-element_type=\"widget\" data-widget_type=\"text-editor.default\">\n\t\t\t\t\t\t\t\t\t<p>J&rsquo;ai connu une p\u00e9riode financi\u00e8re extr\u00eamement difficile apr\u00e8s un \u00e9chec professionnel. Chaque matin, je devais faire confiance \u00e0 Dieu pour le jour m\u00eame. J&rsquo;ai pri\u00e9 la promesse de Matthieu : <i>&lsquo;Cherchez premi\u00e8rement le royaume de Dieu et sa justice, et tout cela vous sera donn\u00e9 par surcro\u00eet.&rsquo;<\/i> La r\u00e9ponse n&rsquo;a pas \u00e9t\u00e9 imm\u00e9diate ou spectaculaire, mais jour apr\u00e8s jour, Dieu a pourvu. Un ch\u00e8que inattendu, une aide d&rsquo;un ami, un nouveau contrat juste \u00e0 temps. <b>Sa fid\u00e9lit\u00e9 n&rsquo;a jamais failli.<\/b> J&rsquo;ai appris que la foi est de vivre dans l&rsquo;attente joyeuse de la providence de Dieu.<\/p>\t\t\t\t\t\t\t\t<\/div>\n\t\t\t\t<div class=\"elementor-element elementor-element-b8861b5 elementor-widget elementor-widget-heading\" data-id=\"b8861b5\" data-element_type=\"widget\" data-widget_type=\"heading.default\">\n\t\t\t\t\t<h4 class=\"elementor-heading-title elementor-size-default\">Naomi Isaac<\/h4>\t\t\t\t<\/div>\n\t\t\t\t<div class=\"elementor-element elementor-element-a6cb1d2 elementor-widget elementor-widget-heading\" data-id=\"a6cb1d2\" data-element_type=\"widget\" data-widget_type=\"heading.default\">\n\t\t\t\t\t<h6 class=\"elementor-heading-title elementor-size-default\">Artiste<\/h6>\t\t\t\t<\/div>\n\t\t\t\t\t<\/div>\n\t\t<\/div>\n\t\t\t\t<div class=\"elementor-column elementor-col-33 elementor-inner-column elementor-element elementor-element-d8a5108\" data-id=\"d8a5108\" data-element_type=\"column\" data-settings=\"{&quot;background_background&quot;:&quot;classic&quot;}\">\n\t\t\t<div class=\"elementor-widget-wrap elementor-element-populated\">\n\t\t\t\t\t\t<div class=\"elementor-element elementor-element-68d1169 elementor-view-default elementor-widget elementor-widget-icon\" data-id=\"68d1169\" data-element_type=\"widget\" data-widget_type=\"icon.default\">\n\t\t\t\t\t\t\t<div class=\"elementor-icon-wrapper\">\n\t\t\t<div class=\"elementor-icon\">\n\t\t\t\t\t\t\t<i class=\"fa fa-quote-left\" aria-hidden=\"true\"><\/i>\n\t\t\t\t\t\t<\/div>\n\t\t<\/div>\n\t\t\t\t\t\t<\/div>\n\t\t\t\t<div class=\"elementor-element elementor-element-4fb05ff elementor-widget elementor-widget-text-editor\" data-id=\"4fb05ff\" data-element_type=\"widget\" data-widget_type=\"text-editor.default\">\n\t\t\t\t\t\t\t\t\t<p>Nous avions des carri\u00e8res confortables, une belle maison, mais un vide spirituel nous taraudait. Nous avons entendu l&rsquo;appel \u00e0 &lsquo;aller faire de toutes les nations des disciples.&rsquo; C&rsquo;\u00e9tait effrayant de tout quitter, mais l&rsquo;amour pour les \u00e2mes \u00e9tait plus fort. Notre vie est maintenant remplie de d\u00e9fis, de maladies, de manque, mais aussi de la <b>joie la plus profonde que nous ayons jamais connue<\/b>. Voir quelqu&rsquo;un accepter Christ pour la premi\u00e8re fois est notre plus grande r\u00e9compense. Nous n&rsquo;avons rien perdu, nous avons tout gagn\u00e9 en servant Celui qui nous a tout donn\u00e9.<\/p>\t\t\t\t\t\t\t\t<\/div>\n\t\t\t\t<div class=\"elementor-element elementor-element-4c61ccd elementor-widget elementor-widget-heading\" data-id=\"4c61ccd\" data-element_type=\"widget\" data-widget_type=\"heading.default\">\n\t\t\t\t\t<h4 class=\"elementor-heading-title elementor-size-default\">Jean-Luc et Isabelle Wagner<\/h4>\t\t\t\t<\/div>\n\t\t\t\t<div class=\"elementor-element elementor-element-03d2080 elementor-widget elementor-widget-heading\" data-id=\"03d2080\" data-element_type=\"widget\" data-widget_type=\"heading.default\">\n\t\t\t\t\t<h6 class=\"elementor-heading-title elementor-size-default\">Missionnaires en Afrique<\/h6>\t\t\t\t<\/div>\n\t\t\t\t\t<\/div>\n\t\t<\/div>\n\t\t\t\t\t<\/div>\n\t\t<\/section>\n\t\t\t\t\t<\/div>\n\t\t<\/div>\n\t\t\t\t\t<\/div>\n\t\t<\/section>\n\t\t\t\t<\/div>\n\t\t","protected":false},"excerpt":{"rendered":"<p>Temoignages Pendant dix ans, l&rsquo;alcool a \u00e9t\u00e9 mon ma\u00eetre. Je perdais tout : ma famille, mon travail, ma dignit\u00e9. Un soir, au fond du d\u00e9sespoir, j&rsquo;ai cri\u00e9 vers Dieu. Ce n&rsquo;\u00e9tait pas une pri\u00e8re \u00e9l\u00e9gante, mais un appel au secours brut. Le lendemain, une main invisible, mais puissante, a commenc\u00e9 \u00e0 desserrer l&#8217;emprise. Aujourd&rsquo;hui, je suis sobre depuis cinq ans&#8230;.<\/p>\n","protected":false},"author":1,"featured_media":0,"parent":0,"menu_order":0,"comment_status":"closed","ping_status":"closed","template":"elementor_header_footer","meta":{"footnotes":""},"class_list":["post-1248","page","type-page","status-publish","hentry"],"_links":{"self":[{"href":"https:\/\/missionlja.org\/index.php\/wp-json\/wp\/v2\/pages\/1248","targetHints":{"allow":["GET"]}}],"collection":[{"href":"https:\/\/missionlja.org\/index.php\/wp-json\/wp\/v2\/pages"}],"about":[{"href":"https:\/\/missionlja.org\/index.php\/wp-json\/wp\/v2\/types\/page"}],"author":[{"embeddable":true,"href":"https:\/\/missionlja.org\/index.php\/wp-json\/wp\/v2\/users\/1"}],"replies":[{"embeddable":true,"href":"https:\/\/missionlja.org\/index.php\/wp-json\/wp\/v2\/comments?post=1248"}],"version-history":[{"count":34,"href":"https:\/\/missionlja.org\/index.php\/wp-json\/wp\/v2\/pages\/1248\/revisions"}],"predecessor-version":[{"id":1693,"href":"https:\/\/missionlja.org\/index.php\/wp-json\/wp\/v2\/pages\/1248\/revisions\/1693"}],"wp:attachment":[{"href":"https:\/\/missionlja.org\/index.php\/wp-json\/wp\/v2\/media?parent=1248"}],"curies":[{"name":"wp","href":"https:\/\/api.w.org\/{rel}","templated":true}]}}