{"id":1252,"date":"2025-12-04T18:42:33","date_gmt":"2025-12-04T18:42:33","guid":{"rendered":"https:\/\/missionlja.org\/?page_id=1252"},"modified":"2025-12-19T09:06:26","modified_gmt":"2025-12-19T09:06:26","slug":"ressources","status":"publish","type":"page","link":"https:\/\/missionlja.org\/index.php\/ressources\/","title":{"rendered":"Ressources"},"content":{"rendered":"\t\t<div data-elementor-type=\"wp-page\" data-elementor-id=\"1252\" class=\"elementor elementor-1252\">\n\t\t\t\t<div class=\"elementor-element elementor-element-xrtiitw e-flex e-con-boxed e-con e-parent\" data-id=\"xrtiitw\" data-element_type=\"container\">\n\t\t\t\t\t<div class=\"e-con-inner\">\n\t\t<div class=\"elementor-element elementor-element-f7edaaf e-con-full e-flex e-con e-child\" data-id=\"f7edaaf\" data-element_type=\"container\">\n\t\t\t\t<div class=\"elementor-element elementor-element-59f9040 animated-fast elementor-invisible elementor-widget elementor-widget-heading\" data-id=\"59f9040\" data-element_type=\"widget\" data-settings=\"{&quot;_animation&quot;:&quot;fadeIn&quot;}\" data-widget_type=\"heading.default\">\n\t\t\t\t\t<h1 class=\"elementor-heading-title elementor-size-default\">Ressources<\/h1>\t\t\t\t<\/div>\n\t\t\t\t<div class=\"elementor-element elementor-element-4f0b084 elementor-invisible elementor-widget elementor-widget-text-editor\" data-id=\"4f0b084\" data-element_type=\"widget\" data-settings=\"{&quot;_animation&quot;:&quot;fadeIn&quot;}\" data-widget_type=\"text-editor.default\">\n\t\t\t\t\t\t\t\t\t<h3 id=\"h-en-france-metropolitaine-cinq-principales-ressources-de-l-eglise-cinq-manieres-d-exprimer-son-attachement-a-l-eglise\" class=\"wp-block-heading\">cinq principales ressources de l\u2019\u00c9glise, cinq mani\u00e8res d\u2019exprimer son attachement \u00e0 l\u2019\u00c9glise<\/h3>\t\t\t\t\t\t\t\t<\/div>\n\t\t\t\t<\/div>\n\t\t\t\t\t<\/div>\n\t\t\t\t<\/div>\n\t\t<div class=\"elementor-element elementor-element-vo92kqq e-flex e-con-boxed e-con e-parent\" data-id=\"vo92kqq\" data-element_type=\"container\" data-settings=\"{&quot;background_background&quot;:&quot;gradient&quot;,&quot;shape_divider_top&quot;:&quot;wave-brush&quot;}\">\n\t\t\t\t\t<div class=\"e-con-inner\">\n\t\t\t\t<div class=\"elementor-shape elementor-shape-top\" aria-hidden=\"true\" data-negative=\"false\">\n\t\t\t<svg xmlns=\"http:\/\/www.w3.org\/2000\/svg\" viewBox=\"0 0 283.5 27.8\" preserveAspectRatio=\"none\">\n\t<path class=\"elementor-shape-fill\" d=\"M283.5,9.7c0,0-7.3,4.3-14,4.6c-6.8,0.3-12.6,0-20.9-1.5c-11.3-2-33.1-10.1-44.7-5.7\ts-12.1,4.6-18,7.4c-6.6,3.2-20,9.6-36.6,9.3C131.6,23.5,99.5,7.2,86.3,8c-1.4,0.1-6.6,0.8-10.5,2c-3.8,1.2-9.4,3.8-17,4.7\tc-3.2,0.4-8.3,1.1-14.2,0.9c-1.5-0.1-6.3-0.4-12-1.6c-5.7-1.2-11-3.1-15.8-3.7C6.5,9.2,0,10.8,0,10.8V0h283.5V9.7z M260.8,11.3\tc-0.7-1-2-0.4-4.3-0.4c-2.3,0-6.1-1.2-5.8-1.1c0.3,0.1,3.1,1.5,6,1.9C259.7,12.2,261.4,12.3,260.8,11.3z M242.4,8.6\tc0,0-2.4-0.2-5.6-0.9c-3.2-0.8-10.3-2.8-15.1-3.5c-8.2-1.1-15.8,0-15.1,0.1c0.8,0.1,9.6-0.6,17.6,1.1c3.3,0.7,9.3,2.2,12.4,2.7\tC239.9,8.7,242.4,8.6,242.4,8.6z M185.2,8.5c1.7-0.7-13.3,4.7-18.5,6.1c-2.1,0.6-6.2,1.6-10,2c-3.9,0.4-8.9,0.4-8.8,0.5\tc0,0.2,5.8,0.8,11.2,0c5.4-0.8,5.2-1.1,7.6-1.6C170.5,14.7,183.5,9.2,185.2,8.5z M199.1,6.9c0.2,0-0.8-0.4-4.8,1.1\tc-4,1.5-6.7,3.5-6.9,3.7c-0.2,0.1,3.5-1.8,6.6-3C197,7.5,199,6.9,199.1,6.9z M283,6c-0.1,0.1-1.9,1.1-4.8,2.5s-6.9,2.8-6.7,2.7\tc0.2,0,3.5-0.6,7.4-2.5C282.8,6.8,283.1,5.9,283,6z M31.3,11.6c0.1-0.2-1.9-0.2-4.5-1.2s-5.4-1.6-7.8-2C15,7.6,7.3,8.5,7.7,8.6\tC8,8.7,15.9,8.3,20.2,9.3c2.2,0.5,2.4,0.5,5.7,1.6S31.2,11.9,31.3,11.6z M73,9.2c0.4-0.1,3.5-1.6,8.4-2.6c4.9-1.1,8.9-0.5,8.9-0.8\tc0-0.3-1-0.9-6.2-0.3S72.6,9.3,73,9.2z M71.6,6.7C71.8,6.8,75,5.4,77.3,5c2.3-0.3,1.9-0.5,1.9-0.6c0-0.1-1.1-0.2-2.7,0.2\tC74.8,5.1,71.4,6.6,71.6,6.7z M93.6,4.4c0.1,0.2,3.5,0.8,5.6,1.8c2.1,1,1.8,0.6,1.9,0.5c0.1-0.1-0.8-0.8-2.4-1.3\tC97.1,4.8,93.5,4.2,93.6,4.4z M65.4,11.1c-0.1,0.3,0.3,0.5,1.9-0.2s2.6-1.3,2.2-1.2s-0.9,0.4-2.5,0.8C65.3,10.9,65.5,10.8,65.4,11.1\tz M34.5,12.4c-0.2,0,2.1,0.8,3.3,0.9c1.2,0.1,2,0.1,2-0.2c0-0.3-0.1-0.5-1.6-0.4C36.6,12.8,34.7,12.4,34.5,12.4z M152.2,21.1\tc-0.1,0.1-2.4-0.3-7.5-0.3c-5,0-13.6-2.4-17.2-3.5c-3.6-1.1,10,3.9,16.5,4.1C150.5,21.6,152.3,21,152.2,21.1z\"\/>\n\t<path class=\"elementor-shape-fill\" d=\"M269.6,18c-0.1-0.1-4.6,0.3-7.2,0c-7.3-0.7-17-3.2-16.6-2.9c0.4,0.3,13.7,3.1,17,3.3\tC267.7,18.8,269.7,18,269.6,18z\"\/>\n\t<path class=\"elementor-shape-fill\" d=\"M227.4,9.8c-0.2-0.1-4.5-1-9.5-1.2c-5-0.2-12.7,0.6-12.3,0.5c0.3-0.1,5.9-1.8,13.3-1.2\tS227.6,9.9,227.4,9.8z\"\/>\n\t<path class=\"elementor-shape-fill\" d=\"M204.5,13.4c-0.1-0.1,2-1,3.2-1.1c1.2-0.1,2,0,2,0.3c0,0.3-0.1,0.5-1.6,0.4\tC206.4,12.9,204.6,13.5,204.5,13.4z\"\/>\n\t<path class=\"elementor-shape-fill\" d=\"M201,10.6c0-0.1-4.4,1.2-6.3,2.2c-1.9,0.9-6.2,3.1-6.1,3.1c0.1,0.1,4.2-1.6,6.3-2.6\tS201,10.7,201,10.6z\"\/>\n\t<path class=\"elementor-shape-fill\" d=\"M154.5,26.7c-0.1-0.1-4.6,0.3-7.2,0c-7.3-0.7-17-3.2-16.6-2.9c0.4,0.3,13.7,3.1,17,3.3\tC152.6,27.5,154.6,26.8,154.5,26.7z\"\/>\n\t<path class=\"elementor-shape-fill\" d=\"M41.9,19.3c0,0,1.2-0.3,2.9-0.1c1.7,0.2,5.8,0.9,8.2,0.7c4.2-0.4,7.4-2.7,7-2.6\tc-0.4,0-4.3,2.2-8.6,1.9c-1.8-0.1-5.1-0.5-6.7-0.4S41.9,19.3,41.9,19.3z\"\/>\n\t<path class=\"elementor-shape-fill\" d=\"M75.5,12.6c0.2,0.1,2-0.8,4.3-1.1c2.3-0.2,2.1-0.3,2.1-0.5c0-0.1-1.8-0.4-3.4,0\tC76.9,11.5,75.3,12.5,75.5,12.6z\"\/>\n\t<path class=\"elementor-shape-fill\" d=\"M15.6,13.2c0-0.1,4.3,0,6.7,0.5c2.4,0.5,5,1.9,5,2c0,0.1-2.7-0.8-5.1-1.4\tC19.9,13.7,15.7,13.3,15.6,13.2z\"\/>\n<\/svg>\t\t<\/div>\n\t\t<div class=\"elementor-element elementor-element-a2d2d49 e-con-full e-flex e-con e-child\" data-id=\"a2d2d49\" data-element_type=\"container\" data-settings=\"{&quot;background_background&quot;:&quot;classic&quot;}\">\n\t\t\t\t<div class=\"elementor-element elementor-element-96b2185 elementor-widget elementor-widget-heading\" data-id=\"96b2185\" data-element_type=\"widget\" data-widget_type=\"heading.default\">\n\t\t\t\t\t<h2 class=\"elementor-heading-title elementor-size-default\">Le Denier de l\u2019\u00c9glise<\/h2>\t\t\t\t<\/div>\n\t\t\t\t<div class=\"elementor-element elementor-element-3db4436 elementor-widget elementor-widget-text-editor\" data-id=\"3db4436\" data-element_type=\"widget\" data-widget_type=\"text-editor.default\">\n\t\t\t\t\t\t\t\t\t<ul class=\"wp-block-list\"><li>Le denier de l\u2019\u00c9glise est la principale ressource, il\u00a0permet, \u00e0 travers la contribution volontaire (don) de chaque catholique, pratiquant r\u00e9gulier ou non, de financer les traitements des pr\u00eatres et les salaires des collaborateurs des dioc\u00e8ses et des paroisses. Donner au denier, c\u2019est soutenir l\u2019\u00c9glise dans sa mission d\u2019annoncer au monde la joie du salut.<\/li><\/ul>\t\t\t\t\t\t\t\t<\/div>\n\t\t\t\t<\/div>\n\t\t<div class=\"elementor-element elementor-element-11bf206 e-con-full e-flex e-con e-child\" data-id=\"11bf206\" data-element_type=\"container\" data-settings=\"{&quot;background_background&quot;:&quot;classic&quot;}\">\n\t\t\t\t<div class=\"elementor-element elementor-element-e221cab elementor-widget elementor-widget-image\" data-id=\"e221cab\" data-element_type=\"widget\" data-widget_type=\"image.default\">\n\t\t\t\t\t\t\t\t\t\t\t\t\t\t\t<img fetchpriority=\"high\" decoding=\"async\" width=\"600\" height=\"700\" src=\"https:\/\/missionlja.org\/wp-content\/uploads\/2025\/12\/publication-image-03.jpg\" class=\"attachment-large size-large wp-image-1746\" alt=\"\" srcset=\"https:\/\/missionlja.org\/wp-content\/uploads\/2025\/12\/publication-image-03.jpg 600w, https:\/\/missionlja.org\/wp-content\/uploads\/2025\/12\/publication-image-03-257x300.jpg 257w\" sizes=\"(max-width: 600px) 100vw, 600px\" \/>\t\t\t\t\t\t\t\t\t\t\t\t\t\t\t<\/div>\n\t\t\t\t<\/div>\n\t\t\t\t\t<\/div>\n\t\t\t\t<\/div>\n\t\t<div class=\"elementor-element elementor-element-s5hb7bm e-flex e-con-boxed e-con e-parent\" data-id=\"s5hb7bm\" data-element_type=\"container\">\n\t\t\t\t\t<div class=\"e-con-inner\">\n\t\t<div class=\"elementor-element elementor-element-4e067eb e-con-full e-flex e-con e-child\" data-id=\"4e067eb\" data-element_type=\"container\">\n\t\t<div class=\"elementor-element elementor-element-964e4d2 e-flex e-con-boxed e-con e-child\" data-id=\"964e4d2\" data-element_type=\"container\">\n\t\t\t\t\t<div class=\"e-con-inner\">\n\t\t<div class=\"elementor-element elementor-element-f3cc245 e-con-full e-flex e-con e-child\" data-id=\"f3cc245\" data-element_type=\"container\" data-settings=\"{&quot;background_background&quot;:&quot;classic&quot;}\">\n\t\t\t\t<div class=\"elementor-element elementor-element-ea7c47f elementor-widget elementor-widget-heading\" data-id=\"ea7c47f\" data-element_type=\"widget\" data-widget_type=\"heading.default\">\n\t\t\t\t\t<h3 class=\"elementor-heading-title elementor-size-default\">Les qu\u00eates<\/h3>\t\t\t\t<\/div>\n\t\t\t\t<div class=\"elementor-element elementor-element-6849b8c elementor-widget elementor-widget-text-editor\" data-id=\"6849b8c\" data-element_type=\"widget\" data-widget_type=\"text-editor.default\">\n\t\t\t\t\t\t\t\t\t<p>Les qu\u00eates vers\u00e9es lors des messes servent \u00e0 couvrir les frais des paroisses : frais de fonctionnement (chauffage, \u00e9lectricit\u00e9\u2026) et tous les frais li\u00e9s aux activit\u00e9s paroissiales (cat\u00e9chisme, p\u00e9lerinages, etc.). Certaines qu\u00eates sont affect\u00e9es \u00e0 des causes particuli\u00e8res (\u00c9glise universelle, Secours catholique\u2026);<\/p>\t\t\t\t\t\t\t\t<\/div>\n\t\t\t\t<\/div>\n\t\t<div class=\"elementor-element elementor-element-cda3695 e-con-full e-flex e-con e-child\" data-id=\"cda3695\" data-element_type=\"container\" data-settings=\"{&quot;background_background&quot;:&quot;classic&quot;}\">\n\t\t\t\t<div class=\"elementor-element elementor-element-97a4dde elementor-widget elementor-widget-image\" data-id=\"97a4dde\" data-element_type=\"widget\" data-widget_type=\"image.default\">\n\t\t\t\t\t\t\t\t\t\t\t\t\t\t\t<img decoding=\"async\" width=\"640\" height=\"640\" src=\"https:\/\/missionlja.org\/wp-content\/uploads\/2025\/12\/unnamed-1-1.jpg\" class=\"attachment-large size-large wp-image-1967\" alt=\"\" srcset=\"https:\/\/missionlja.org\/wp-content\/uploads\/2025\/12\/unnamed-1-1.jpg 1024w, https:\/\/missionlja.org\/wp-content\/uploads\/2025\/12\/unnamed-1-1-300x300.jpg 300w, https:\/\/missionlja.org\/wp-content\/uploads\/2025\/12\/unnamed-1-1-150x150.jpg 150w, https:\/\/missionlja.org\/wp-content\/uploads\/2025\/12\/unnamed-1-1-768x768.jpg 768w, https:\/\/missionlja.org\/wp-content\/uploads\/2025\/12\/unnamed-1-1-600x600.jpg 600w, https:\/\/missionlja.org\/wp-content\/uploads\/2025\/12\/unnamed-1-1-100x100.jpg 100w\" sizes=\"(max-width: 640px) 100vw, 640px\" \/>\t\t\t\t\t\t\t\t\t\t\t\t\t\t\t<\/div>\n\t\t\t\t<\/div>\n\t\t\t\t\t<\/div>\n\t\t\t\t<\/div>\n\t\t\t\t<\/div>\n\t\t<div class=\"elementor-element elementor-element-bc016fc e-con-full e-flex e-con e-child\" data-id=\"bc016fc\" data-element_type=\"container\">\n\t\t<div class=\"elementor-element elementor-element-8b2f1b4 e-flex e-con-boxed e-con e-child\" data-id=\"8b2f1b4\" data-element_type=\"container\">\n\t\t\t\t\t<div class=\"e-con-inner\">\n\t\t<div class=\"elementor-element elementor-element-669548a e-con-full e-flex e-con e-child\" data-id=\"669548a\" data-element_type=\"container\" data-settings=\"{&quot;background_background&quot;:&quot;classic&quot;}\">\n\t\t\t\t<div class=\"elementor-element elementor-element-c140721 elementor-widget elementor-widget-heading\" data-id=\"c140721\" data-element_type=\"widget\" data-widget_type=\"heading.default\">\n\t\t\t\t\t<h4 class=\"elementor-heading-title elementor-size-default\">Le casuel<\/h4>\t\t\t\t<\/div>\n\t\t\t\t<div class=\"elementor-element elementor-element-cbd9314 elementor-widget elementor-widget-text-editor\" data-id=\"cbd9314\" data-element_type=\"widget\" data-widget_type=\"text-editor.default\">\n\t\t\t\t\t\t\t\t\t<p>Le casuel, \u00ab\u00a0offrande du passage\u00a0\u00bb,\u00a0est un don fait par les gens qui demandent \u00e0 l\u2019\u00c9glise de les accompagner aux moments-cl\u00e9s de leur vie. Il est remis par exemple par les familles au moment de la c\u00e9l\u00e9bration d\u2019un\u00a0bapt\u00eame, d\u2019un mariage ou de fun\u00e9railles.<\/p>\t\t\t\t\t\t\t\t<\/div>\n\t\t\t\t<\/div>\n\t\t<div class=\"elementor-element elementor-element-62ac686 e-con-full e-flex e-con e-child\" data-id=\"62ac686\" data-element_type=\"container\" data-settings=\"{&quot;background_background&quot;:&quot;classic&quot;}\">\n\t\t\t\t<div class=\"elementor-element elementor-element-871f3af elementor-widget elementor-widget-image\" data-id=\"871f3af\" data-element_type=\"widget\" data-widget_type=\"image.default\">\n\t\t\t\t\t\t\t\t\t\t\t\t\t\t\t<img decoding=\"async\" width=\"640\" height=\"640\" src=\"https:\/\/missionlja.org\/wp-content\/uploads\/2025\/12\/1-2.jpg\" class=\"attachment-large size-large wp-image-1971\" alt=\"\" srcset=\"https:\/\/missionlja.org\/wp-content\/uploads\/2025\/12\/1-2.jpg 1024w, https:\/\/missionlja.org\/wp-content\/uploads\/2025\/12\/1-2-300x300.jpg 300w, https:\/\/missionlja.org\/wp-content\/uploads\/2025\/12\/1-2-150x150.jpg 150w, https:\/\/missionlja.org\/wp-content\/uploads\/2025\/12\/1-2-768x768.jpg 768w, https:\/\/missionlja.org\/wp-content\/uploads\/2025\/12\/1-2-600x600.jpg 600w, https:\/\/missionlja.org\/wp-content\/uploads\/2025\/12\/1-2-100x100.jpg 100w\" sizes=\"(max-width: 640px) 100vw, 640px\" \/>\t\t\t\t\t\t\t\t\t\t\t\t\t\t\t<\/div>\n\t\t\t\t<\/div>\n\t\t\t\t\t<\/div>\n\t\t\t\t<\/div>\n\t\t\t\t<\/div>\n\t\t\t\t\t<\/div>\n\t\t\t\t<\/div>\n\t\t<div class=\"elementor-element elementor-element-4a13a58 e-flex e-con-boxed e-con e-parent\" data-id=\"4a13a58\" data-element_type=\"container\">\n\t\t\t\t\t<div class=\"e-con-inner\">\n\t\t<div class=\"elementor-element elementor-element-5f724fd e-con-full e-flex e-con e-child\" data-id=\"5f724fd\" data-element_type=\"container\">\n\t\t<div class=\"elementor-element elementor-element-64da1ae e-flex e-con-boxed e-con e-child\" data-id=\"64da1ae\" data-element_type=\"container\">\n\t\t\t\t\t<div class=\"e-con-inner\">\n\t\t<div class=\"elementor-element elementor-element-5c50b4c e-con-full e-flex e-con e-child\" data-id=\"5c50b4c\" data-element_type=\"container\" data-settings=\"{&quot;background_background&quot;:&quot;classic&quot;}\">\n\t\t\t\t<div class=\"elementor-element elementor-element-83a67d7 elementor-widget elementor-widget-heading\" data-id=\"83a67d7\" data-element_type=\"widget\" data-widget_type=\"heading.default\">\n\t\t\t\t\t<h3 class=\"elementor-heading-title elementor-size-default\">Les offrandes de messe<\/h3>\t\t\t\t<\/div>\n\t\t\t\t<div class=\"elementor-element elementor-element-e476027 elementor-widget elementor-widget-text-editor\" data-id=\"e476027\" data-element_type=\"widget\" data-widget_type=\"text-editor.default\">\n\t\t\t\t\t\t\t\t\t<p>Les offrandes de\u00a0messe\u00a0sont vers\u00e9es par les fid\u00e8les qui demandent \u00e0 ce qu\u2019une\u00a0messe\u00a0soit c\u00e9l\u00e9br\u00e9e \u00e0 une intention particuli\u00e8re ; elles aident les pr\u00eatres dans leur vie mat\u00e9rielle ;<\/p>\t\t\t\t\t\t\t\t<\/div>\n\t\t\t\t<\/div>\n\t\t<div class=\"elementor-element elementor-element-aa36939 e-con-full e-flex e-con e-child\" data-id=\"aa36939\" data-element_type=\"container\" data-settings=\"{&quot;background_background&quot;:&quot;classic&quot;}\">\n\t\t\t\t<div class=\"elementor-element elementor-element-68ebe64 elementor-widget elementor-widget-image\" data-id=\"68ebe64\" data-element_type=\"widget\" data-widget_type=\"image.default\">\n\t\t\t\t\t\t\t\t\t\t\t\t\t\t\t<img loading=\"lazy\" decoding=\"async\" width=\"640\" height=\"640\" src=\"https:\/\/missionlja.org\/wp-content\/uploads\/2025\/12\/2-2.jpg\" class=\"attachment-large size-large wp-image-1975\" alt=\"\" srcset=\"https:\/\/missionlja.org\/wp-content\/uploads\/2025\/12\/2-2.jpg 1024w, https:\/\/missionlja.org\/wp-content\/uploads\/2025\/12\/2-2-300x300.jpg 300w, https:\/\/missionlja.org\/wp-content\/uploads\/2025\/12\/2-2-150x150.jpg 150w, https:\/\/missionlja.org\/wp-content\/uploads\/2025\/12\/2-2-768x768.jpg 768w, https:\/\/missionlja.org\/wp-content\/uploads\/2025\/12\/2-2-600x600.jpg 600w, https:\/\/missionlja.org\/wp-content\/uploads\/2025\/12\/2-2-100x100.jpg 100w\" sizes=\"(max-width: 640px) 100vw, 640px\" \/>\t\t\t\t\t\t\t\t\t\t\t\t\t\t\t<\/div>\n\t\t\t\t<\/div>\n\t\t\t\t\t<\/div>\n\t\t\t\t<\/div>\n\t\t\t\t<\/div>\n\t\t<div class=\"elementor-element elementor-element-421a4f0 e-con-full e-flex e-con e-child\" data-id=\"421a4f0\" data-element_type=\"container\">\n\t\t<div class=\"elementor-element elementor-element-dccf37e e-flex e-con-boxed e-con e-child\" data-id=\"dccf37e\" data-element_type=\"container\">\n\t\t\t\t\t<div class=\"e-con-inner\">\n\t\t<div class=\"elementor-element elementor-element-06e5ed3 e-con-full e-flex e-con e-child\" data-id=\"06e5ed3\" data-element_type=\"container\" data-settings=\"{&quot;background_background&quot;:&quot;classic&quot;}\">\n\t\t\t\t<div class=\"elementor-element elementor-element-56f7e91 elementor-widget elementor-widget-heading\" data-id=\"56f7e91\" data-element_type=\"widget\" data-widget_type=\"heading.default\">\n\t\t\t\t\t<h4 class=\"elementor-heading-title elementor-size-default\">Les legs<\/h4>\t\t\t\t<\/div>\n\t\t\t\t<div class=\"elementor-element elementor-element-5d93981 elementor-widget elementor-widget-text-editor\" data-id=\"5d93981\" data-element_type=\"widget\" data-widget_type=\"text-editor.default\">\n\t\t\t\t\t\t\t\t\t<p>Les legs sont des ressources exceptionnelles qui permettent d\u2019envisager les grands projets pour l\u2019\u00c9glise de demain.<\/p>\t\t\t\t\t\t\t\t<\/div>\n\t\t\t\t<\/div>\n\t\t<div class=\"elementor-element elementor-element-5a5044a e-con-full e-flex e-con e-child\" data-id=\"5a5044a\" data-element_type=\"container\" data-settings=\"{&quot;background_background&quot;:&quot;classic&quot;}\">\n\t\t\t\t<div class=\"elementor-element elementor-element-3d04807 elementor-widget elementor-widget-image\" data-id=\"3d04807\" data-element_type=\"widget\" data-widget_type=\"image.default\">\n\t\t\t\t\t\t\t\t\t\t\t\t\t\t\t<img loading=\"lazy\" decoding=\"async\" width=\"640\" height=\"640\" src=\"https:\/\/missionlja.org\/wp-content\/uploads\/2025\/12\/3-2.jpg\" class=\"attachment-large size-large wp-image-1979\" alt=\"\" srcset=\"https:\/\/missionlja.org\/wp-content\/uploads\/2025\/12\/3-2.jpg 1024w, https:\/\/missionlja.org\/wp-content\/uploads\/2025\/12\/3-2-300x300.jpg 300w, https:\/\/missionlja.org\/wp-content\/uploads\/2025\/12\/3-2-150x150.jpg 150w, https:\/\/missionlja.org\/wp-content\/uploads\/2025\/12\/3-2-768x768.jpg 768w, https:\/\/missionlja.org\/wp-content\/uploads\/2025\/12\/3-2-600x600.jpg 600w, https:\/\/missionlja.org\/wp-content\/uploads\/2025\/12\/3-2-100x100.jpg 100w\" sizes=\"(max-width: 640px) 100vw, 640px\" \/>\t\t\t\t\t\t\t\t\t\t\t\t\t\t\t<\/div>\n\t\t\t\t<\/div>\n\t\t\t\t\t<\/div>\n\t\t\t\t<\/div>\n\t\t\t\t<\/div>\n\t\t\t\t\t<\/div>\n\t\t\t\t<\/div>\n\t\t<div class=\"elementor-element elementor-element-c94upuc e-flex e-con-boxed e-con e-parent\" data-id=\"c94upuc\" data-element_type=\"container\" data-settings=\"{&quot;background_background&quot;:&quot;classic&quot;}\">\n\t\t\t\t\t<div class=\"e-con-inner\">\n\t\t<div class=\"elementor-element elementor-element-c63e080 e-flex e-con-boxed e-con e-child\" data-id=\"c63e080\" data-element_type=\"container\">\n\t\t\t\t\t<div class=\"e-con-inner\">\n\t\t\t\t<div class=\"elementor-element elementor-element-513cebe elementor-widget elementor-widget-heading\" data-id=\"513cebe\" data-element_type=\"widget\" data-widget_type=\"heading.default\">\n\t\t\t\t\t<h2 class=\"elementor-heading-title elementor-size-default\">JOIN HUNDREDS OF HEALTHY PEOPLE<\/h2>\t\t\t\t<\/div>\n\t\t\t\t<div class=\"elementor-element elementor-element-9700aa0 elementor-widget elementor-widget-text-editor\" data-id=\"9700aa0\" data-element_type=\"widget\" data-widget_type=\"text-editor.default\">\n\t\t\t\t\t\t\t\t\t<p>Consectetur adipiscing elit elit tellus, luctus nec ullamcorper mattis, pulvinar dapibus leo.\u200b Lorem ipsum dolor sit amet, consectetur adipiscing elit.<\/p>\t\t\t\t\t\t\t\t<\/div>\n\t\t\t\t\t<\/div>\n\t\t\t\t<\/div>\n\t\t\t\t\t<\/div>\n\t\t\t\t<\/div>\n\t\t\t\t<\/div>\n\t\t","protected":false},"excerpt":{"rendered":"<p>Ressources cinq principales ressources de l\u2019\u00c9glise, cinq mani\u00e8res d\u2019exprimer son attachement \u00e0 l\u2019\u00c9glise Le Denier de l\u2019\u00c9glise Le denier de l\u2019\u00c9glise est la principale ressource, il\u00a0permet, \u00e0 travers la contribution volontaire (don) de chaque catholique, pratiquant r\u00e9gulier ou non, de financer les traitements des pr\u00eatres et les salaires des collaborateurs des dioc\u00e8ses et des paroisses. Donner au denier, c\u2019est soutenir&#8230;<\/p>\n","protected":false},"author":1,"featured_media":0,"parent":0,"menu_order":0,"comment_status":"closed","ping_status":"closed","template":"elementor_header_footer","meta":{"footnotes":""},"class_list":["post-1252","page","type-page","status-publish","hentry"],"_links":{"self":[{"href":"https:\/\/missionlja.org\/index.php\/wp-json\/wp\/v2\/pages\/1252","targetHints":{"allow":["GET"]}}],"collection":[{"href":"https:\/\/missionlja.org\/index.php\/wp-json\/wp\/v2\/pages"}],"about":[{"href":"https:\/\/missionlja.org\/index.php\/wp-json\/wp\/v2\/types\/page"}],"author":[{"embeddable":true,"href":"https:\/\/missionlja.org\/index.php\/wp-json\/wp\/v2\/users\/1"}],"replies":[{"embeddable":true,"href":"https:\/\/missionlja.org\/index.php\/wp-json\/wp\/v2\/comments?post=1252"}],"version-history":[{"count":55,"href":"https:\/\/missionlja.org\/index.php\/wp-json\/wp\/v2\/pages\/1252\/revisions"}],"predecessor-version":[{"id":1982,"href":"https:\/\/missionlja.org\/index.php\/wp-json\/wp\/v2\/pages\/1252\/revisions\/1982"}],"wp:attachment":[{"href":"https:\/\/missionlja.org\/index.php\/wp-json\/wp\/v2\/media?parent=1252"}],"curies":[{"name":"wp","href":"https:\/\/api.w.org\/{rel}","templated":true}]}}